{"id":1225,"date":"2026-02-09T09:29:13","date_gmt":"2026-02-09T08:29:13","guid":{"rendered":"http:\/\/dr-foecking-und-kollegen.de.w021017f.kasserver.com\/?page_id=1225"},"modified":"2026-02-16T14:02:56","modified_gmt":"2026-02-16T13:02:56","slug":"implantologie","status":"publish","type":"page","link":"https:\/\/www.dr-foecking-und-kollegen.de\/nl\/implantologie\/","title":{"rendered":"Implantologie"},"content":{"rendered":"<div id='av_section_1'  class='avia-section av-1h2dv2-2d44b898a98518dd15ce89ee28f62bb3 main_color avia-section-default avia-no-border-styling  avia-builder-el-0  el_before_av_section  avia-builder-el-first  avia-bg-style-scroll container_wrap sidebar_right'  ><div class='container av-section-cont-open' ><main  role=\"main\" itemprop=\"mainContentOfPage\"  class='template-page content  av-content-small alpha units'><div class='post-entry post-entry-type-page post-entry-1225'><div class='entry-content-wrapper clearfix'>\n<div class='flex_column_table av-17kvvq-95cfb63b2c98a1106fa87b43f7bb36b1 sc-av_one_half av-equal-height-column-flextable'><div  class='flex_column av-17kvvq-95cfb63b2c98a1106fa87b43f7bb36b1 av_one_half  avia-builder-el-1  el_before_av_one_half  avia-builder-el-first  first flex_column_table_cell av-equal-height-column av-align-middle  '     ><section  class='av_textblock_section av-mjr1npnn-e9915fecf5c0a58b5fc6a0baa223c023 '   itemscope=\"itemscope\" itemtype=\"https:\/\/schema.org\/CreativeWork\" ><div class='avia_textblock'  itemprop=\"text\" ><h4><span style=\"color: #6a100b;\">Implantologie<\/span><\/h4>\n<h2 class=\"elementor-heading-title elementor-size-default\">Een nieuwe levenskwaliteit dankzij implantaten<\/h2>\n<\/div><\/section><br \/>\n<section  class='av_textblock_section av-3wtdy-ec7721e1096b20932312693ba3caee21 '   itemscope=\"itemscope\" itemtype=\"https:\/\/schema.org\/CreativeWork\" ><div class='avia_textblock'  itemprop=\"text\" ><p>Implantaten zijn kunstmatige tandwortels die u een uitstekende mogelijkheid bieden om uw verloren tanden en daarmee uw levenskwaliteit terug te krijgen. In veel gevallen kan met behulp van implantaten een stevig kunstgebit worden gemaakt dat lijkt op natuurlijke tanden. Nadat het implantaat in de kaak is geplaatst en een korte genezingsperiode heeft plaatsgevonden, wordt er een door ons meesterlaboratorium individueel vervaardigde tandkroon op bevestigd. Dankzij een speciale tweejarige gespecialiseerde opleiding kunnen dergelijke operatieve ingrepen in veel gevallen in onze praktijk worden uitgevoerd. Als een dergelijke ingreep niet in onze praktijk kan worden uitgevoerd, wordt er een beroep gedaan op een netwerk van experts.<\/p>\n<\/div><\/section><\/p><\/div><div class='av-flex-placeholder'><\/div><div  class='flex_column av-w04sm-00867933061d9cdd9a98ef9228c3b042 av_one_half  avia-builder-el-4  el_after_av_one_half  avia-builder-el-last  flex_column_table_cell av-equal-height-column av-align-middle  '     ><style type=\"text\/css\" data-created_by=\"avia_inline_auto\" id=\"style-css-av-q5vcm-7be4fa49243dbaa46deb9f86e30d3d1e\">\n.avia-image-container.av-q5vcm-7be4fa49243dbaa46deb9f86e30d3d1e img.avia_image{\nbox-shadow:none;\n}\n.avia-image-container.av-q5vcm-7be4fa49243dbaa46deb9f86e30d3d1e .av-image-caption-overlay-center{\ncolor:#ffffff;\n}\n<\/style>\n<div  class='avia-image-container av-q5vcm-7be4fa49243dbaa46deb9f86e30d3d1e av-styling- avia-align-center  avia-builder-el-5  avia-builder-el-no-sibling '   itemprop=\"image\" itemscope=\"itemscope\" itemtype=\"https:\/\/schema.org\/ImageObject\" ><div class=\"avia-image-container-inner\"><div class=\"avia-image-overlay-wrap\"><img decoding=\"async\" fetchpriority=\"high\" class='wp-image-973 avia-img-lazy-loading-not-973 avia_image ' src=\"https:\/\/www.dr-foecking-und-kollegen.de\/wp-content\/uploads\/2025\/12\/Praxis007.webp\" alt='' title='Praxis007'  height=\"1000\" width=\"1000\"  itemprop=\"thumbnailUrl\" srcset=\"https:\/\/www.dr-foecking-und-kollegen.de\/wp-content\/uploads\/2025\/12\/Praxis007.webp 1000w, https:\/\/www.dr-foecking-und-kollegen.de\/wp-content\/uploads\/2025\/12\/Praxis007-300x300.webp 300w, https:\/\/www.dr-foecking-und-kollegen.de\/wp-content\/uploads\/2025\/12\/Praxis007-80x80.webp 80w, https:\/\/www.dr-foecking-und-kollegen.de\/wp-content\/uploads\/2025\/12\/Praxis007-768x768.webp 768w, https:\/\/www.dr-foecking-und-kollegen.de\/wp-content\/uploads\/2025\/12\/Praxis007-36x36.webp 36w, https:\/\/www.dr-foecking-und-kollegen.de\/wp-content\/uploads\/2025\/12\/Praxis007-180x180.webp 180w, https:\/\/www.dr-foecking-und-kollegen.de\/wp-content\/uploads\/2025\/12\/Praxis007-705x705.webp 705w\" sizes=\"(max-width: 1000px) 100vw, 1000px\" \/><\/div><\/div><\/div><\/div><\/div><!--close column table wrapper. Autoclose: 1 --><\/div><\/div><\/main><!-- close content main element --><\/div><\/div>\n<style type=\"text\/css\" data-created_by=\"avia_inline_auto\" id=\"style-css-av-3hhou-04cc922007a761a53278604a113b30d6\">\n.avia-section.av-3hhou-04cc922007a761a53278604a113b30d6{\nbackground-color:#6a100b;\nbackground-image:unset;\n}\n<\/style>\n<div id='av_section_2'  class='avia-section av-3hhou-04cc922007a761a53278604a113b30d6 main_color avia-section-default avia-no-border-styling  avia-builder-el-6  el_after_av_section  avia-builder-el-last  avia-bg-style-scroll container_wrap sidebar_right'  ><div class='container av-section-cont-open' ><div class='template-page content  av-content-small alpha units'><div class='post-entry post-entry-type-page post-entry-1225'><div class='entry-content-wrapper clearfix'>\n\n<style type=\"text\/css\" data-created_by=\"avia_inline_auto\" id=\"style-css-av-rqrym-1424ccc6c77cbe38fffb5c6c823b0e82\">\n.flex_column.av-rqrym-1424ccc6c77cbe38fffb5c6c823b0e82{\npadding:px px px px;\n}\n<\/style>\n<div  class='flex_column av-rqrym-1424ccc6c77cbe38fffb5c6c823b0e82 av_one_full  avia-builder-el-7  avia-builder-el-no-sibling  first flex_column_div  '     ><section  class='av_textblock_section av-jv0om-6ed18402eb36aa3e633d0968fa2ce6c1 '   itemscope=\"itemscope\" itemtype=\"https:\/\/schema.org\/CreativeWork\" ><div class='avia_textblock'  itemprop=\"text\" ><h3 style=\"text-align: center;\"><span style=\"color: #ffffff;\">Wilt u een afspraak maken bij onze tandartspraktijk?<\/span><br \/>\n<span style=\"color: #ffffff;\">Neem dan contact met ons op!<\/span><\/h3>\n<\/div><\/section><br \/>\n\n<style type=\"text\/css\" data-created_by=\"avia_inline_auto\" id=\"style-css-av-duywm-0cda731c79bad693d3a0d6c8fd7388fb\">\n#top .hr.hr-invisible.av-duywm-0cda731c79bad693d3a0d6c8fd7388fb{\nheight:10px;\n}\n<\/style>\n<div  class='hr av-duywm-0cda731c79bad693d3a0d6c8fd7388fb hr-invisible  avia-builder-el-9  el_after_av_textblock  el_before_av_button '><span class='hr-inner '><span class=\"hr-inner-style\"><\/span><\/span><\/div><br \/>\n<div  class='avia-button-wrap av-axk5i-25dcaa18aa37f571d5b2beb6bf0cfc02-wrap avia-button-center  avia-builder-el-10  el_after_av_hr  avia-builder-el-last '>\n<style type=\"text\/css\" data-created_by=\"avia_inline_auto\" id=\"style-css-av-axk5i-25dcaa18aa37f571d5b2beb6bf0cfc02\">\n#top #wrap_all .avia-button.av-axk5i-25dcaa18aa37f571d5b2beb6bf0cfc02{\ncolor:#6a100b;\nborder-style:none;\ntransition:all 0.4s ease-in-out;\n}\n#top #wrap_all .avia-button.av-axk5i-25dcaa18aa37f571d5b2beb6bf0cfc02:hover{\ncolor:white;\ntransition:all 0.4s ease-in-out;\n}\n#top #wrap_all .avia-button.av-axk5i-25dcaa18aa37f571d5b2beb6bf0cfc02 .avia-svg-icon svg:first-child{\nfill:#6a100b;\nstroke:#6a100b;\n}\n#top #wrap_all .avia-button.av-axk5i-25dcaa18aa37f571d5b2beb6bf0cfc02:hover .avia-svg-icon svg:first-child{\nfill:white;\nstroke:white;\n}\n<\/style>\n<a href='https:\/\/www.dr-foecking-und-kollegen.de\/nl\/esthetische-tandheelkunde\/'  class='avia-button av-axk5i-25dcaa18aa37f571d5b2beb6bf0cfc02 av-link-btn avia-icon_select-no avia-size-medium avia-position-center avia-color-white'   aria-label=\"Afspraak maken\"><span class='avia_iconbox_title' >Afspraak maken<\/span><span class='avia_button_background avia-button avia-color-theme-color-highlight' ><\/span><\/a><\/div><\/p><\/div><\/div><\/div><\/div><!-- close content main div --><\/div><\/div><div id='after_section_2'  class='main_color av_default_container_wrap container_wrap sidebar_right'  ><div class='container av-section-cont-open' ><div class='template-page content  av-content-small alpha units'><div class='post-entry post-entry-type-page post-entry-1225'><div class='entry-content-wrapper clearfix'><\/p>\n","protected":false},"excerpt":{"rendered":"","protected":false},"author":12,"featured_media":0,"parent":0,"menu_order":0,"comment_status":"closed","ping_status":"closed","template":"","meta":{"footnotes":""},"class_list":["post-1225","page","type-page","status-publish","hentry"],"yoast_head":"<!-- This site is optimized with the Yoast SEO plugin v27.3 - https:\/\/yoast.com\/product\/yoast-seo-wordpress\/ -->\n<title>Implantologie - Dr F\u00f6cking und Kollegen<\/title>\n<meta name=\"robots\" content=\"index, follow, max-snippet:-1, max-image-preview:large, max-video-preview:-1\" \/>\n<link rel=\"canonical\" href=\"https:\/\/www.dr-foecking-und-kollegen.de\/nl\/implantologie\/\" \/>\n<meta property=\"og:locale\" content=\"nl_NL\" \/>\n<meta property=\"og:type\" content=\"article\" \/>\n<meta property=\"og:title\" content=\"Implantologie - Dr F\u00f6cking und Kollegen\" \/>\n<meta property=\"og:url\" content=\"https:\/\/www.dr-foecking-und-kollegen.de\/nl\/implantologie\/\" \/>\n<meta property=\"og:site_name\" content=\"Dr F\u00f6cking und Kollegen\" \/>\n<meta property=\"article:modified_time\" content=\"2026-02-16T13:02:56+00:00\" \/>\n<meta name=\"twitter:card\" content=\"summary_large_image\" \/>\n<meta name=\"twitter:label1\" content=\"Geschatte leestijd\" \/>\n\t<meta name=\"twitter:data1\" content=\"17 minuten\" \/>\n<script type=\"application\/ld+json\" class=\"yoast-schema-graph\">{\"@context\":\"https:\\\/\\\/schema.org\",\"@graph\":[{\"@type\":\"WebPage\",\"@id\":\"https:\\\/\\\/www.dr-foecking-und-kollegen.de\\\/nl\\\/implantologie\\\/\",\"url\":\"https:\\\/\\\/www.dr-foecking-und-kollegen.de\\\/nl\\\/implantologie\\\/\",\"name\":\"Implantologie - Dr F\u00f6cking und Kollegen\",\"isPartOf\":{\"@id\":\"https:\\\/\\\/www.dr-foecking-und-kollegen.de\\\/#website\"},\"datePublished\":\"2026-02-09T08:29:13+00:00\",\"dateModified\":\"2026-02-16T13:02:56+00:00\",\"breadcrumb\":{\"@id\":\"https:\\\/\\\/www.dr-foecking-und-kollegen.de\\\/nl\\\/implantologie\\\/#breadcrumb\"},\"inLanguage\":\"nl-NL\",\"potentialAction\":[{\"@type\":\"ReadAction\",\"target\":[\"https:\\\/\\\/www.dr-foecking-und-kollegen.de\\\/nl\\\/implantologie\\\/\"]}]},{\"@type\":\"BreadcrumbList\",\"@id\":\"https:\\\/\\\/www.dr-foecking-und-kollegen.de\\\/nl\\\/implantologie\\\/#breadcrumb\",\"itemListElement\":[{\"@type\":\"ListItem\",\"position\":1,\"name\":\"Startseite\",\"item\":\"https:\\\/\\\/www.dr-foecking-und-kollegen.de\\\/nl\\\/\"},{\"@type\":\"ListItem\",\"position\":2,\"name\":\"Implantologie\"}]},{\"@type\":\"WebSite\",\"@id\":\"https:\\\/\\\/www.dr-foecking-und-kollegen.de\\\/#website\",\"url\":\"https:\\\/\\\/www.dr-foecking-und-kollegen.de\\\/\",\"name\":\"Dr F\u00f6cking und Kollegen\",\"description\":\"Zentrum f\u00fcr \u00c4sthetische-rekonstruktive Zahnmedizin und Zahntechnik\",\"potentialAction\":[{\"@type\":\"SearchAction\",\"target\":{\"@type\":\"EntryPoint\",\"urlTemplate\":\"https:\\\/\\\/www.dr-foecking-und-kollegen.de\\\/?s={search_term_string}\"},\"query-input\":{\"@type\":\"PropertyValueSpecification\",\"valueRequired\":true,\"valueName\":\"search_term_string\"}}],\"inLanguage\":\"nl-NL\"}]}<\/script>\n<!-- \/ Yoast SEO plugin. -->","yoast_head_json":{"title":"Implantologie - Dr F\u00f6cking und Kollegen","robots":{"index":"index","follow":"follow","max-snippet":"max-snippet:-1","max-image-preview":"max-image-preview:large","max-video-preview":"max-video-preview:-1"},"canonical":"https:\/\/www.dr-foecking-und-kollegen.de\/nl\/implantologie\/","og_locale":"nl_NL","og_type":"article","og_title":"Implantologie - Dr F\u00f6cking und Kollegen","og_url":"https:\/\/www.dr-foecking-und-kollegen.de\/nl\/implantologie\/","og_site_name":"Dr F\u00f6cking und Kollegen","article_modified_time":"2026-02-16T13:02:56+00:00","twitter_card":"summary_large_image","twitter_misc":{"Geschatte leestijd":"17 minuten"},"schema":{"@context":"https:\/\/schema.org","@graph":[{"@type":"WebPage","@id":"https:\/\/www.dr-foecking-und-kollegen.de\/nl\/implantologie\/","url":"https:\/\/www.dr-foecking-und-kollegen.de\/nl\/implantologie\/","name":"Implantologie - Dr F\u00f6cking und Kollegen","isPartOf":{"@id":"https:\/\/www.dr-foecking-und-kollegen.de\/#website"},"datePublished":"2026-02-09T08:29:13+00:00","dateModified":"2026-02-16T13:02:56+00:00","breadcrumb":{"@id":"https:\/\/www.dr-foecking-und-kollegen.de\/nl\/implantologie\/#breadcrumb"},"inLanguage":"nl-NL","potentialAction":[{"@type":"ReadAction","target":["https:\/\/www.dr-foecking-und-kollegen.de\/nl\/implantologie\/"]}]},{"@type":"BreadcrumbList","@id":"https:\/\/www.dr-foecking-und-kollegen.de\/nl\/implantologie\/#breadcrumb","itemListElement":[{"@type":"ListItem","position":1,"name":"Startseite","item":"https:\/\/www.dr-foecking-und-kollegen.de\/nl\/"},{"@type":"ListItem","position":2,"name":"Implantologie"}]},{"@type":"WebSite","@id":"https:\/\/www.dr-foecking-und-kollegen.de\/#website","url":"https:\/\/www.dr-foecking-und-kollegen.de\/","name":"Dr F\u00f6cking und Kollegen","description":"Zentrum f\u00fcr \u00c4sthetische-rekonstruktive Zahnmedizin und Zahntechnik","potentialAction":[{"@type":"SearchAction","target":{"@type":"EntryPoint","urlTemplate":"https:\/\/www.dr-foecking-und-kollegen.de\/?s={search_term_string}"},"query-input":{"@type":"PropertyValueSpecification","valueRequired":true,"valueName":"search_term_string"}}],"inLanguage":"nl-NL"}]}},"_links":{"self":[{"href":"https:\/\/www.dr-foecking-und-kollegen.de\/nl\/wp-json\/wp\/v2\/pages\/1225","targetHints":{"allow":["GET"]}}],"collection":[{"href":"https:\/\/www.dr-foecking-und-kollegen.de\/nl\/wp-json\/wp\/v2\/pages"}],"about":[{"href":"https:\/\/www.dr-foecking-und-kollegen.de\/nl\/wp-json\/wp\/v2\/types\/page"}],"author":[{"embeddable":true,"href":"https:\/\/www.dr-foecking-und-kollegen.de\/nl\/wp-json\/wp\/v2\/users\/12"}],"replies":[{"embeddable":true,"href":"https:\/\/www.dr-foecking-und-kollegen.de\/nl\/wp-json\/wp\/v2\/comments?post=1225"}],"version-history":[{"count":2,"href":"https:\/\/www.dr-foecking-und-kollegen.de\/nl\/wp-json\/wp\/v2\/pages\/1225\/revisions"}],"predecessor-version":[{"id":1229,"href":"https:\/\/www.dr-foecking-und-kollegen.de\/nl\/wp-json\/wp\/v2\/pages\/1225\/revisions\/1229"}],"wp:attachment":[{"href":"https:\/\/www.dr-foecking-und-kollegen.de\/nl\/wp-json\/wp\/v2\/media?parent=1225"}],"curies":[{"name":"wp","href":"https:\/\/api.w.org\/{rel}","templated":true}]}}