{"id":1230,"date":"2026-02-09T09:32:35","date_gmt":"2026-02-09T08:32:35","guid":{"rendered":"http:\/\/dr-foecking-und-kollegen.de.w021017f.kasserver.com\/?page_id=1230"},"modified":"2026-02-16T14:04:43","modified_gmt":"2026-02-16T13:04:43","slug":"parodontologie","status":"publish","type":"page","link":"https:\/\/www.dr-foecking-und-kollegen.de\/nl\/parodontologie\/","title":{"rendered":"parodontologie"},"content":{"rendered":"<div id='av_section_1'  class='avia-section av-1h2dv2-2d44b898a98518dd15ce89ee28f62bb3 main_color avia-section-default avia-no-border-styling  avia-builder-el-0  el_before_av_section  avia-builder-el-first  avia-bg-style-scroll container_wrap sidebar_right'  ><div class='container av-section-cont-open' ><main  role=\"main\" itemprop=\"mainContentOfPage\"  class='template-page content  av-content-small alpha units'><div class='post-entry post-entry-type-page post-entry-1230'><div class='entry-content-wrapper clearfix'>\n<div class='flex_column_table av-17kvvq-95cfb63b2c98a1106fa87b43f7bb36b1 sc-av_one_half av-equal-height-column-flextable'><div  class='flex_column av-17kvvq-95cfb63b2c98a1106fa87b43f7bb36b1 av_one_half  avia-builder-el-1  el_before_av_one_half  avia-builder-el-first  first flex_column_table_cell av-equal-height-column av-align-middle  '     ><section  class='av_textblock_section av-mjr1npnn-e9915fecf5c0a58b5fc6a0baa223c023 '   itemscope=\"itemscope\" itemtype=\"https:\/\/schema.org\/CreativeWork\" ><div class='avia_textblock'  itemprop=\"text\" ><h4><span style=\"color: #6a100b;\">Parodontologie<\/span><\/h4>\n<h2>Tandvleesbehandelingen: bescherming en verzorging voor het fundament van uw tanden.<\/h2>\n<\/div><\/section><br \/>\n<section  class='av_textblock_section av-3wtdy-ec7721e1096b20932312693ba3caee21 '   itemscope=\"itemscope\" itemtype=\"https:\/\/schema.org\/CreativeWork\" ><div class='avia_textblock'  itemprop=\"text\" ><p>Bacteri\u00ebn die zich tussen de tanden en het tandvlees ophopen, kunnen leiden tot een ontsteking van het tandvlees en vervolgens tot een ontsteking van het tandsteunweefsel, oftewel parodontitis.<\/p>\n<\/div><\/section><\/p><\/div><div class='av-flex-placeholder'><\/div><div  class='flex_column av-w04sm-00867933061d9cdd9a98ef9228c3b042 av_one_half  avia-builder-el-4  el_after_av_one_half  avia-builder-el-last  flex_column_table_cell av-equal-height-column av-align-middle  '     ><style type=\"text\/css\" data-created_by=\"avia_inline_auto\" id=\"style-css-av-q5vcm-49f33e490eff06cb6e21acfd2f9f1b08\">\n.avia-image-container.av-q5vcm-49f33e490eff06cb6e21acfd2f9f1b08 img.avia_image{\nbox-shadow:none;\n}\n.avia-image-container.av-q5vcm-49f33e490eff06cb6e21acfd2f9f1b08 .av-image-caption-overlay-center{\ncolor:#ffffff;\n}\n<\/style>\n<div  class='avia-image-container av-q5vcm-49f33e490eff06cb6e21acfd2f9f1b08 av-styling- avia-align-center  avia-builder-el-5  avia-builder-el-no-sibling '   itemprop=\"image\" itemscope=\"itemscope\" itemtype=\"https:\/\/schema.org\/ImageObject\" ><div class=\"avia-image-container-inner\"><div class=\"avia-image-overlay-wrap\"><img decoding=\"async\" fetchpriority=\"high\" class='wp-image-983 avia-img-lazy-loading-not-983 avia_image ' src=\"https:\/\/www.dr-foecking-und-kollegen.de\/wp-content\/uploads\/2025\/12\/parodontologie-2.webp\" alt='' title='parodontologie-2'  height=\"708\" width=\"1000\"  itemprop=\"thumbnailUrl\" srcset=\"https:\/\/www.dr-foecking-und-kollegen.de\/wp-content\/uploads\/2025\/12\/parodontologie-2.webp 1000w, https:\/\/www.dr-foecking-und-kollegen.de\/wp-content\/uploads\/2025\/12\/parodontologie-2-300x212.webp 300w, https:\/\/www.dr-foecking-und-kollegen.de\/wp-content\/uploads\/2025\/12\/parodontologie-2-768x544.webp 768w, https:\/\/www.dr-foecking-und-kollegen.de\/wp-content\/uploads\/2025\/12\/parodontologie-2-260x185.webp 260w, https:\/\/www.dr-foecking-und-kollegen.de\/wp-content\/uploads\/2025\/12\/parodontologie-2-705x499.webp 705w\" sizes=\"(max-width: 1000px) 100vw, 1000px\" \/><\/div><\/div><\/div><\/div><\/div><!--close column table wrapper. Autoclose: 1 --><\/div><\/div><\/main><!-- close content main element --><\/div><\/div><div id='av_section_2'  class='avia-section av-mjr1p96q-20bfa58ad6f280303263e68de00742a1 alternate_color avia-section-default avia-no-border-styling  avia-builder-el-6  el_after_av_section  el_before_av_section  avia-bg-style-scroll container_wrap sidebar_right'  ><div class='container av-section-cont-open' ><div class='template-page content  av-content-small alpha units'><div class='post-entry post-entry-type-page post-entry-1230'><div class='entry-content-wrapper clearfix'>\n<div class='flex_column_table av-kkws6-a25e0487ba31c9d280d1cae8869010d4 sc-av_one_half av-equal-height-column-flextable'><div  class='flex_column av-kkws6-a25e0487ba31c9d280d1cae8869010d4 av_one_half  avia-builder-el-7  el_before_av_one_half  avia-builder-el-first  first flex_column_table_cell av-equal-height-column av-align-middle  '     ><style type=\"text\/css\" data-created_by=\"avia_inline_auto\" id=\"style-css-av-fteee-ad670b44e6042fd703b7aede670646af\">\n.avia-image-container.av-fteee-ad670b44e6042fd703b7aede670646af img.avia_image{\nbox-shadow:none;\n}\n.avia-image-container.av-fteee-ad670b44e6042fd703b7aede670646af .av-image-caption-overlay-center{\ncolor:#ffffff;\n}\n<\/style>\n<div  class='avia-image-container av-fteee-ad670b44e6042fd703b7aede670646af av-styling- avia-align-center  avia-builder-el-8  avia-builder-el-no-sibling '   itemprop=\"image\" itemscope=\"itemscope\" itemtype=\"https:\/\/schema.org\/ImageObject\" ><div class=\"avia-image-container-inner\"><div class=\"avia-image-overlay-wrap\"><img decoding=\"async\" fetchpriority=\"high\" class='wp-image-980 avia-img-lazy-loading-not-980 avia_image ' src=\"https:\/\/www.dr-foecking-und-kollegen.de\/wp-content\/uploads\/2025\/12\/parodontologie-1.webp\" alt='' title='parodontologie'  height=\"708\" width=\"1000\"  itemprop=\"thumbnailUrl\" srcset=\"https:\/\/www.dr-foecking-und-kollegen.de\/wp-content\/uploads\/2025\/12\/parodontologie-1.webp 1000w, https:\/\/www.dr-foecking-und-kollegen.de\/wp-content\/uploads\/2025\/12\/parodontologie-1-300x212.webp 300w, https:\/\/www.dr-foecking-und-kollegen.de\/wp-content\/uploads\/2025\/12\/parodontologie-1-768x544.webp 768w, https:\/\/www.dr-foecking-und-kollegen.de\/wp-content\/uploads\/2025\/12\/parodontologie-1-260x185.webp 260w, https:\/\/www.dr-foecking-und-kollegen.de\/wp-content\/uploads\/2025\/12\/parodontologie-1-705x499.webp 705w\" sizes=\"(max-width: 1000px) 100vw, 1000px\" \/><\/div><\/div><\/div><\/div><div class='av-flex-placeholder'><\/div><div  class='flex_column av-9azcu-47f552bfdf4d7a20dd5150684cf9739a av_one_half  avia-builder-el-9  el_after_av_one_half  avia-builder-el-last  flex_column_table_cell av-equal-height-column av-align-middle  '     ><section  class='av_textblock_section av-mjr1pucm-23a1b2687e202f66d47db1403b35758e '   itemscope=\"itemscope\" itemtype=\"https:\/\/schema.org\/CreativeWork\" ><div class='avia_textblock'  itemprop=\"text\" ><h3>Als tandenpoetsen niet meer voldoende is: behandeling van parodontitis.<\/h3>\n<p>Bloedend tandvlees na het tandenpoetsen kan een waarschuwingssignaal zijn voor tandvleesontsteking. Vaak is professionele hulp nodig om dit probleem onder controle te krijgen en vroegtijdig loszittende tanden of tandverlies te voorkomen.<\/p>\n<p>Tandvleesontstekingen kunnen worden behandeld door middel van een professionele gebitsreiniging. Deze kan in onze praktijk worden uitgevoerd door een tandheelkundige assistente met een gecertificeerde aanvullende kwalificatie op het gebied van preventie. Met behulp van de modernste technologie worden uw tanden en tandvoegen voorzichtig en pijnloos gereinigd en worden harde en zachte aanslag verwijderd.<\/p>\n<p>Als een professionele gebitsreiniging niet voldoende is om het tandvlees te laten genezen, wordt in onze praktijk een parodontitisbehandeling uitgevoerd. Deze kan bij ons zowel met behulp van conservatieve maatregelen (zonder chirurgische ingrepen) als met lokaal beperkte, minimaal-chirurgische maatregelen worden uitgevoerd.<\/p>\n<p>Dankzij een meerjarige aanvullende opleiding op het gebied van parodontologie bieden wij u behandelingen volgens de nieuwste medische inzichten en met een maximaal behandelingssucces.<\/p>\n<\/div><\/section><\/div><\/div><!--close column table wrapper. Autoclose: 1 --><\/div><\/div><\/div><!-- close content main div --><\/div><\/div>\n<style type=\"text\/css\" data-created_by=\"avia_inline_auto\" id=\"style-css-av-3hhou-04cc922007a761a53278604a113b30d6\">\n.avia-section.av-3hhou-04cc922007a761a53278604a113b30d6{\nbackground-color:#6a100b;\nbackground-image:unset;\n}\n<\/style>\n<div id='av_section_3'  class='avia-section av-3hhou-04cc922007a761a53278604a113b30d6 main_color avia-section-default avia-no-border-styling  avia-builder-el-11  el_after_av_section  avia-builder-el-last  avia-bg-style-scroll container_wrap sidebar_right'  ><div class='container av-section-cont-open' ><div class='template-page content  av-content-small alpha units'><div class='post-entry post-entry-type-page post-entry-1230'><div class='entry-content-wrapper clearfix'>\n\n<style type=\"text\/css\" data-created_by=\"avia_inline_auto\" id=\"style-css-av-rqrym-fd8ad32993486b84045428368945703b\">\n.flex_column.av-rqrym-fd8ad32993486b84045428368945703b{\npadding:px px px px;\nbackground-color:#6a100b;\n}\n<\/style>\n<div  class='flex_column av-rqrym-fd8ad32993486b84045428368945703b av_one_full  avia-builder-el-12  avia-builder-el-no-sibling  first flex_column_div  '     ><section  class='av_textblock_section av-jv0om-6ed18402eb36aa3e633d0968fa2ce6c1 '   itemscope=\"itemscope\" itemtype=\"https:\/\/schema.org\/CreativeWork\" ><div class='avia_textblock'  itemprop=\"text\" ><h3 style=\"text-align: center;\"><span style=\"color: #ffffff;\">Wilt u een afspraak maken bij onze tandartspraktijk?<\/span><br \/>\n<span style=\"color: #ffffff;\">Neem dan contact met ons op!<\/span><\/h3>\n<\/div><\/section><br \/>\n\n<style type=\"text\/css\" data-created_by=\"avia_inline_auto\" id=\"style-css-av-duywm-0cda731c79bad693d3a0d6c8fd7388fb\">\n#top .hr.hr-invisible.av-duywm-0cda731c79bad693d3a0d6c8fd7388fb{\nheight:10px;\n}\n<\/style>\n<div  class='hr av-duywm-0cda731c79bad693d3a0d6c8fd7388fb hr-invisible  avia-builder-el-14  el_after_av_textblock  el_before_av_button '><span class='hr-inner '><span class=\"hr-inner-style\"><\/span><\/span><\/div><br \/>\n<div  class='avia-button-wrap av-axk5i-25dcaa18aa37f571d5b2beb6bf0cfc02-wrap avia-button-center  avia-builder-el-15  el_after_av_hr  avia-builder-el-last '>\n<style type=\"text\/css\" data-created_by=\"avia_inline_auto\" id=\"style-css-av-axk5i-25dcaa18aa37f571d5b2beb6bf0cfc02\">\n#top #wrap_all .avia-button.av-axk5i-25dcaa18aa37f571d5b2beb6bf0cfc02{\ncolor:#6a100b;\nborder-style:none;\ntransition:all 0.4s ease-in-out;\n}\n#top #wrap_all .avia-button.av-axk5i-25dcaa18aa37f571d5b2beb6bf0cfc02:hover{\ncolor:white;\ntransition:all 0.4s ease-in-out;\n}\n#top #wrap_all .avia-button.av-axk5i-25dcaa18aa37f571d5b2beb6bf0cfc02 .avia-svg-icon svg:first-child{\nfill:#6a100b;\nstroke:#6a100b;\n}\n#top #wrap_all .avia-button.av-axk5i-25dcaa18aa37f571d5b2beb6bf0cfc02:hover .avia-svg-icon svg:first-child{\nfill:white;\nstroke:white;\n}\n<\/style>\n<a href='https:\/\/www.dr-foecking-und-kollegen.de\/nl\/esthetische-tandheelkunde\/'  class='avia-button av-axk5i-25dcaa18aa37f571d5b2beb6bf0cfc02 av-link-btn avia-icon_select-no avia-size-medium avia-position-center avia-color-white'   aria-label=\"Afspraak maken\"><span class='avia_iconbox_title' >Afspraak maken<\/span><span class='avia_button_background avia-button avia-color-theme-color-highlight' ><\/span><\/a><\/div><\/p><\/div><\/div><\/div><\/div><!-- close content main div --><\/div><\/div><div id='after_section_3'  class='main_color av_default_container_wrap container_wrap sidebar_right'  ><div class='container av-section-cont-open' ><div class='template-page content  av-content-small alpha units'><div class='post-entry post-entry-type-page post-entry-1230'><div class='entry-content-wrapper clearfix'><\/p>\n","protected":false},"excerpt":{"rendered":"","protected":false},"author":12,"featured_media":0,"parent":0,"menu_order":0,"comment_status":"closed","ping_status":"closed","template":"","meta":{"footnotes":""},"class_list":["post-1230","page","type-page","status-publish","hentry"],"yoast_head":"<!-- This site is optimized with the Yoast SEO plugin v27.3 - https:\/\/yoast.com\/product\/yoast-seo-wordpress\/ -->\n<title>parodontologie - Dr F\u00f6cking und Kollegen<\/title>\n<meta name=\"robots\" content=\"index, follow, max-snippet:-1, max-image-preview:large, max-video-preview:-1\" \/>\n<link rel=\"canonical\" href=\"https:\/\/www.dr-foecking-und-kollegen.de\/nl\/parodontologie\/\" \/>\n<meta property=\"og:locale\" content=\"nl_NL\" \/>\n<meta property=\"og:type\" content=\"article\" \/>\n<meta property=\"og:title\" content=\"parodontologie - Dr F\u00f6cking und Kollegen\" \/>\n<meta property=\"og:url\" content=\"https:\/\/www.dr-foecking-und-kollegen.de\/nl\/parodontologie\/\" \/>\n<meta property=\"og:site_name\" content=\"Dr F\u00f6cking und Kollegen\" \/>\n<meta property=\"article:modified_time\" content=\"2026-02-16T13:04:43+00:00\" \/>\n<meta name=\"twitter:card\" content=\"summary_large_image\" \/>\n<meta name=\"twitter:label1\" content=\"Geschatte leestijd\" \/>\n\t<meta name=\"twitter:data1\" content=\"26 minuten\" \/>\n<script type=\"application\/ld+json\" class=\"yoast-schema-graph\">{\"@context\":\"https:\\\/\\\/schema.org\",\"@graph\":[{\"@type\":\"WebPage\",\"@id\":\"https:\\\/\\\/www.dr-foecking-und-kollegen.de\\\/nl\\\/parodontologie\\\/\",\"url\":\"https:\\\/\\\/www.dr-foecking-und-kollegen.de\\\/nl\\\/parodontologie\\\/\",\"name\":\"parodontologie - Dr F\u00f6cking und Kollegen\",\"isPartOf\":{\"@id\":\"https:\\\/\\\/www.dr-foecking-und-kollegen.de\\\/#website\"},\"datePublished\":\"2026-02-09T08:32:35+00:00\",\"dateModified\":\"2026-02-16T13:04:43+00:00\",\"breadcrumb\":{\"@id\":\"https:\\\/\\\/www.dr-foecking-und-kollegen.de\\\/nl\\\/parodontologie\\\/#breadcrumb\"},\"inLanguage\":\"nl-NL\",\"potentialAction\":[{\"@type\":\"ReadAction\",\"target\":[\"https:\\\/\\\/www.dr-foecking-und-kollegen.de\\\/nl\\\/parodontologie\\\/\"]}]},{\"@type\":\"BreadcrumbList\",\"@id\":\"https:\\\/\\\/www.dr-foecking-und-kollegen.de\\\/nl\\\/parodontologie\\\/#breadcrumb\",\"itemListElement\":[{\"@type\":\"ListItem\",\"position\":1,\"name\":\"Startseite\",\"item\":\"https:\\\/\\\/www.dr-foecking-und-kollegen.de\\\/nl\\\/\"},{\"@type\":\"ListItem\",\"position\":2,\"name\":\"parodontologie\"}]},{\"@type\":\"WebSite\",\"@id\":\"https:\\\/\\\/www.dr-foecking-und-kollegen.de\\\/#website\",\"url\":\"https:\\\/\\\/www.dr-foecking-und-kollegen.de\\\/\",\"name\":\"Dr F\u00f6cking und Kollegen\",\"description\":\"Zentrum f\u00fcr \u00c4sthetische-rekonstruktive Zahnmedizin und Zahntechnik\",\"potentialAction\":[{\"@type\":\"SearchAction\",\"target\":{\"@type\":\"EntryPoint\",\"urlTemplate\":\"https:\\\/\\\/www.dr-foecking-und-kollegen.de\\\/?s={search_term_string}\"},\"query-input\":{\"@type\":\"PropertyValueSpecification\",\"valueRequired\":true,\"valueName\":\"search_term_string\"}}],\"inLanguage\":\"nl-NL\"}]}<\/script>\n<!-- \/ Yoast SEO plugin. -->","yoast_head_json":{"title":"parodontologie - Dr F\u00f6cking und Kollegen","robots":{"index":"index","follow":"follow","max-snippet":"max-snippet:-1","max-image-preview":"max-image-preview:large","max-video-preview":"max-video-preview:-1"},"canonical":"https:\/\/www.dr-foecking-und-kollegen.de\/nl\/parodontologie\/","og_locale":"nl_NL","og_type":"article","og_title":"parodontologie - Dr F\u00f6cking und Kollegen","og_url":"https:\/\/www.dr-foecking-und-kollegen.de\/nl\/parodontologie\/","og_site_name":"Dr F\u00f6cking und Kollegen","article_modified_time":"2026-02-16T13:04:43+00:00","twitter_card":"summary_large_image","twitter_misc":{"Geschatte leestijd":"26 minuten"},"schema":{"@context":"https:\/\/schema.org","@graph":[{"@type":"WebPage","@id":"https:\/\/www.dr-foecking-und-kollegen.de\/nl\/parodontologie\/","url":"https:\/\/www.dr-foecking-und-kollegen.de\/nl\/parodontologie\/","name":"parodontologie - Dr F\u00f6cking und Kollegen","isPartOf":{"@id":"https:\/\/www.dr-foecking-und-kollegen.de\/#website"},"datePublished":"2026-02-09T08:32:35+00:00","dateModified":"2026-02-16T13:04:43+00:00","breadcrumb":{"@id":"https:\/\/www.dr-foecking-und-kollegen.de\/nl\/parodontologie\/#breadcrumb"},"inLanguage":"nl-NL","potentialAction":[{"@type":"ReadAction","target":["https:\/\/www.dr-foecking-und-kollegen.de\/nl\/parodontologie\/"]}]},{"@type":"BreadcrumbList","@id":"https:\/\/www.dr-foecking-und-kollegen.de\/nl\/parodontologie\/#breadcrumb","itemListElement":[{"@type":"ListItem","position":1,"name":"Startseite","item":"https:\/\/www.dr-foecking-und-kollegen.de\/nl\/"},{"@type":"ListItem","position":2,"name":"parodontologie"}]},{"@type":"WebSite","@id":"https:\/\/www.dr-foecking-und-kollegen.de\/#website","url":"https:\/\/www.dr-foecking-und-kollegen.de\/","name":"Dr F\u00f6cking und Kollegen","description":"Zentrum f\u00fcr \u00c4sthetische-rekonstruktive Zahnmedizin und Zahntechnik","potentialAction":[{"@type":"SearchAction","target":{"@type":"EntryPoint","urlTemplate":"https:\/\/www.dr-foecking-und-kollegen.de\/?s={search_term_string}"},"query-input":{"@type":"PropertyValueSpecification","valueRequired":true,"valueName":"search_term_string"}}],"inLanguage":"nl-NL"}]}},"_links":{"self":[{"href":"https:\/\/www.dr-foecking-und-kollegen.de\/nl\/wp-json\/wp\/v2\/pages\/1230","targetHints":{"allow":["GET"]}}],"collection":[{"href":"https:\/\/www.dr-foecking-und-kollegen.de\/nl\/wp-json\/wp\/v2\/pages"}],"about":[{"href":"https:\/\/www.dr-foecking-und-kollegen.de\/nl\/wp-json\/wp\/v2\/types\/page"}],"author":[{"embeddable":true,"href":"https:\/\/www.dr-foecking-und-kollegen.de\/nl\/wp-json\/wp\/v2\/users\/12"}],"replies":[{"embeddable":true,"href":"https:\/\/www.dr-foecking-und-kollegen.de\/nl\/wp-json\/wp\/v2\/comments?post=1230"}],"version-history":[{"count":3,"href":"https:\/\/www.dr-foecking-und-kollegen.de\/nl\/wp-json\/wp\/v2\/pages\/1230\/revisions"}],"predecessor-version":[{"id":1338,"href":"https:\/\/www.dr-foecking-und-kollegen.de\/nl\/wp-json\/wp\/v2\/pages\/1230\/revisions\/1338"}],"wp:attachment":[{"href":"https:\/\/www.dr-foecking-und-kollegen.de\/nl\/wp-json\/wp\/v2\/media?parent=1230"}],"curies":[{"name":"wp","href":"https:\/\/api.w.org\/{rel}","templated":true}]}}