{"id":1267,"date":"2026-02-09T10:21:53","date_gmt":"2026-02-09T09:21:53","guid":{"rendered":"http:\/\/dr-foecking-und-kollegen.de.w021017f.kasserver.com\/?page_id=1267"},"modified":"2026-02-16T14:05:07","modified_gmt":"2026-02-16T13:05:07","slug":"filosofie","status":"publish","type":"page","link":"https:\/\/www.dr-foecking-und-kollegen.de\/nl\/filosofie\/","title":{"rendered":"Filosofie"},"content":{"rendered":"<div id='av_section_1'  class='avia-section av-1h2dv2-2d44b898a98518dd15ce89ee28f62bb3 main_color avia-section-default avia-no-border-styling  avia-builder-el-0  el_before_av_section  avia-builder-el-first  avia-bg-style-scroll container_wrap sidebar_right'  ><div class='container av-section-cont-open' ><main  role=\"main\" itemprop=\"mainContentOfPage\"  class='template-page content  av-content-small alpha units'><div class='post-entry post-entry-type-page post-entry-1267'><div class='entry-content-wrapper clearfix'>\n<div class='flex_column_table av-17kvvq-95cfb63b2c98a1106fa87b43f7bb36b1 sc-av_one_half av-equal-height-column-flextable'><div  class='flex_column av-17kvvq-95cfb63b2c98a1106fa87b43f7bb36b1 av_one_half  avia-builder-el-1  el_before_av_one_half  avia-builder-el-first  first flex_column_table_cell av-equal-height-column av-align-middle  '     ><section  class='av_textblock_section av-mjr1npnn-e9915fecf5c0a58b5fc6a0baa223c023 '   itemscope=\"itemscope\" itemtype=\"https:\/\/schema.org\/CreativeWork\" ><div class='avia_textblock'  itemprop=\"text\" ><h4><span style=\"color: #6a100b;\">Filosofie<\/span><\/h4>\n<h2>Wij adviseren u \u2013 open en eerlijk.<\/h2>\n<\/div><\/section><br \/>\n<section  class='av_textblock_section av-3wtdy-ec7721e1096b20932312693ba3caee21 '   itemscope=\"itemscope\" itemtype=\"https:\/\/schema.org\/CreativeWork\" ><div class='avia_textblock'  itemprop=\"text\" ><p>Wij willen dat u zich bij ons op uw gemak en in goede handen voelt. Individueel en uitgebreid advies en een open en eerlijke houding ten opzichte van onze pati\u00ebnten zijn daarom bijzonder belangrijk voor ons. Wij streven ernaar om de behandeling optimaal af te stemmen op uw persoonlijke wensen en deze in overeenstemming te brengen met wat medisch mogelijk is.<\/p>\n<\/div><\/section><\/p><\/div><div class='av-flex-placeholder'><\/div><div  class='flex_column av-kkws6-7ada7b5ec1ee11f029bccce9fc774c45 av_one_half  avia-builder-el-4  el_after_av_one_half  avia-builder-el-last  flex_column_table_cell av-equal-height-column av-align-middle  '     ><style type=\"text\/css\" data-created_by=\"avia_inline_auto\" id=\"style-css-av-fteee-af182ddf3a22f5cca641d4442f94275a\">\n.avia-image-container.av-fteee-af182ddf3a22f5cca641d4442f94275a img.avia_image{\nbox-shadow:none;\n}\n.avia-image-container.av-fteee-af182ddf3a22f5cca641d4442f94275a .av-image-caption-overlay-center{\ncolor:#ffffff;\n}\n<\/style>\n<div  class='avia-image-container av-fteee-af182ddf3a22f5cca641d4442f94275a av-styling- avia-align-center  avia-builder-el-5  avia-builder-el-no-sibling '   itemprop=\"image\" itemscope=\"itemscope\" itemtype=\"https:\/\/schema.org\/ImageObject\" ><div class=\"avia-image-container-inner\"><div class=\"avia-image-overlay-wrap\"><img decoding=\"async\" fetchpriority=\"high\" class='wp-image-1084 avia-img-lazy-loading-not-1084 avia_image ' src=\"https:\/\/www.dr-foecking-und-kollegen.de\/wp-content\/uploads\/2025\/12\/philosophie.webp\" alt='' title='philosophie'  height=\"667\" width=\"1000\"  itemprop=\"thumbnailUrl\" srcset=\"https:\/\/www.dr-foecking-und-kollegen.de\/wp-content\/uploads\/2025\/12\/philosophie.webp 1000w, https:\/\/www.dr-foecking-und-kollegen.de\/wp-content\/uploads\/2025\/12\/philosophie-300x200.webp 300w, https:\/\/www.dr-foecking-und-kollegen.de\/wp-content\/uploads\/2025\/12\/philosophie-768x512.webp 768w, https:\/\/www.dr-foecking-und-kollegen.de\/wp-content\/uploads\/2025\/12\/philosophie-705x470.webp 705w\" sizes=\"(max-width: 1000px) 100vw, 1000px\" \/><\/div><\/div><\/div><\/div><\/div><!--close column table wrapper. Autoclose: 1 --><\/div><\/div><\/main><!-- close content main element --><\/div><\/div><div id='av_section_2'  class='avia-section av-mjr1p96q-20bfa58ad6f280303263e68de00742a1 alternate_color avia-section-default avia-no-border-styling  avia-builder-el-6  el_after_av_section  el_before_av_section  avia-bg-style-scroll container_wrap sidebar_right'  ><div class='container av-section-cont-open' ><div class='template-page content  av-content-small alpha units'><div class='post-entry post-entry-type-page post-entry-1267'><div class='entry-content-wrapper clearfix'>\n<div class='flex_column_table av-w04sm-342f17dc0f2d859e50a190ead3b0e6c2 sc-av_one_half av-equal-height-column-flextable'><div  class='flex_column av-w04sm-342f17dc0f2d859e50a190ead3b0e6c2 av_one_half  avia-builder-el-7  el_before_av_one_half  avia-builder-el-first  first flex_column_table_cell av-equal-height-column av-align-middle  '     ><style type=\"text\/css\" data-created_by=\"avia_inline_auto\" id=\"style-css-av-q5vcm-3bd7976466467591f4cc1bd9eb92c032\">\n.avia-image-container.av-q5vcm-3bd7976466467591f4cc1bd9eb92c032 img.avia_image{\nbox-shadow:none;\n}\n.avia-image-container.av-q5vcm-3bd7976466467591f4cc1bd9eb92c032 .av-image-caption-overlay-center{\ncolor:#ffffff;\n}\n<\/style>\n<div  class='avia-image-container av-q5vcm-3bd7976466467591f4cc1bd9eb92c032 av-styling- avia-align-center  avia-builder-el-8  avia-builder-el-no-sibling '   itemprop=\"image\" itemscope=\"itemscope\" itemtype=\"https:\/\/schema.org\/ImageObject\" ><div class=\"avia-image-container-inner\"><div class=\"avia-image-overlay-wrap\"><img decoding=\"async\" fetchpriority=\"high\" class='wp-image-965 avia-img-lazy-loading-not-965 avia_image ' src=\"https:\/\/www.dr-foecking-und-kollegen.de\/wp-content\/uploads\/2025\/12\/aesthetische-zahnmedizin.webp\" alt='' title='aesthetische-zahnmedizin'  height=\"667\" width=\"1000\"  itemprop=\"thumbnailUrl\" srcset=\"https:\/\/www.dr-foecking-und-kollegen.de\/wp-content\/uploads\/2025\/12\/aesthetische-zahnmedizin.webp 1000w, https:\/\/www.dr-foecking-und-kollegen.de\/wp-content\/uploads\/2025\/12\/aesthetische-zahnmedizin-300x200.webp 300w, https:\/\/www.dr-foecking-und-kollegen.de\/wp-content\/uploads\/2025\/12\/aesthetische-zahnmedizin-768x512.webp 768w, https:\/\/www.dr-foecking-und-kollegen.de\/wp-content\/uploads\/2025\/12\/aesthetische-zahnmedizin-705x470.webp 705w\" sizes=\"(max-width: 1000px) 100vw, 1000px\" \/><\/div><\/div><\/div><\/div><div class='av-flex-placeholder'><\/div><div  class='flex_column av-9azcu-47f552bfdf4d7a20dd5150684cf9739a av_one_half  avia-builder-el-9  el_after_av_one_half  avia-builder-el-last  flex_column_table_cell av-equal-height-column av-align-middle  '     ><section  class='av_textblock_section av-mjr1pucm-23a1b2687e202f66d47db1403b35758e '   itemscope=\"itemscope\" itemtype=\"https:\/\/schema.org\/CreativeWork\" ><div class='avia_textblock'  itemprop=\"text\" ><h3>Ons doel: levenslang gezonde tanden.<\/h3>\n<\/div><\/section><br \/>\n<section  class='av_textblock_section av-6tk9ag-c7340041eb0b9c85e2b752396a3b7a30 '   itemscope=\"itemscope\" itemtype=\"https:\/\/schema.org\/CreativeWork\" ><div class='avia_textblock'  itemprop=\"text\" ><p>De focus van ons werk ligt op preventie. Ons doel is het behoud van natuurlijke tanden, want elke tand die behouden kan blijven, is waardevoller dan het beste kunstgebit. Om dit mogelijk te maken, streven we naar een levenslange, preventieve samenwerking met onze pati\u00ebnten.<\/p>\n<\/div><\/section><\/p><\/div><\/div><!--close column table wrapper. Autoclose: 1 --><\/div><\/div><\/div><!-- close content main div --><\/div><\/div><div id='av_section_3'  class='avia-section av-5yxi7s-0456347caad041337f20cbb77a8a0bb6 main_color avia-section-default avia-no-border-styling  avia-builder-el-12  el_after_av_section  el_before_av_section  avia-bg-style-scroll container_wrap sidebar_right'  ><div class='container av-section-cont-open' ><div class='template-page content  av-content-small alpha units'><div class='post-entry post-entry-type-page post-entry-1267'><div class='entry-content-wrapper clearfix'>\n<div class='flex_column_table av-3sjczs-2aeba025263a506680d69836ede554af sc-av_one_half av-equal-height-column-flextable'><div  class='flex_column av-3sjczs-2aeba025263a506680d69836ede554af av_one_half  avia-builder-el-13  el_before_av_one_half  avia-builder-el-first  first flex_column_table_cell av-equal-height-column av-align-middle  '     ><section  class='av_textblock_section av-mjsb6v8c-1c6320845feeb9d25520eb83a6572edc '   itemscope=\"itemscope\" itemtype=\"https:\/\/schema.org\/CreativeWork\" ><div class='avia_textblock'  itemprop=\"text\" ><h2>Goed verzorgd door de beste tandheelkunde.<\/h2>\n<\/div><\/section><br \/>\n<section  class='av_textblock_section av-mjsb755p-fbbd4322a073c41b24f7339ca866d862 '   itemscope=\"itemscope\" itemtype=\"https:\/\/schema.org\/CreativeWork\" ><div class='avia_textblock'  itemprop=\"text\" ><p>Van grondige preventieve onderzoeken tot moderne functionele en esthetisch-reconstructieve ingrepen bieden wij u tandheelkundige en tandtechnische zorg van het hoogste niveau. Door regelmatige bijscholing en het gebruik van de modernste tandheelkundige technieken kunnen wij behandelingen aanbieden die voldoen aan de nieuwste stand van de tandheelkunde.<\/p>\n<\/div><\/section><\/p><\/div><div class='av-flex-placeholder'><\/div><div  class='flex_column av-xo94-7a515482a1122e7902fed8a4d03cd6c2 av_one_half  avia-builder-el-16  el_after_av_one_half  avia-builder-el-last  flex_column_table_cell av-equal-height-column av-align-middle  '     ><style type=\"text\/css\" data-created_by=\"avia_inline_auto\" id=\"style-css-av-mjsb7dn0-1d0ca5ed29d5f7bccdf8abcac5ffef08\">\n.avia-image-container.av-mjsb7dn0-1d0ca5ed29d5f7bccdf8abcac5ffef08 img.avia_image{\nbox-shadow:none;\n}\n.avia-image-container.av-mjsb7dn0-1d0ca5ed29d5f7bccdf8abcac5ffef08 .av-image-caption-overlay-center{\ncolor:#ffffff;\n}\n<\/style>\n<div  class='avia-image-container av-mjsb7dn0-1d0ca5ed29d5f7bccdf8abcac5ffef08 av-styling- avia-align-center  avia-builder-el-17  avia-builder-el-no-sibling '   itemprop=\"image\" itemscope=\"itemscope\" itemtype=\"https:\/\/schema.org\/ImageObject\" ><div class=\"avia-image-container-inner\"><div class=\"avia-image-overlay-wrap\"><img decoding=\"async\" fetchpriority=\"high\" class='wp-image-1003 avia-img-lazy-loading-not-1003 avia_image ' src=\"https:\/\/www.dr-foecking-und-kollegen.de\/wp-content\/uploads\/2025\/12\/kinderzahnheilkunde-1.webp\" alt='' title='kinderzahnheilkunde'  height=\"708\" width=\"1000\"  itemprop=\"thumbnailUrl\" srcset=\"https:\/\/www.dr-foecking-und-kollegen.de\/wp-content\/uploads\/2025\/12\/kinderzahnheilkunde-1.webp 1000w, https:\/\/www.dr-foecking-und-kollegen.de\/wp-content\/uploads\/2025\/12\/kinderzahnheilkunde-1-300x212.webp 300w, https:\/\/www.dr-foecking-und-kollegen.de\/wp-content\/uploads\/2025\/12\/kinderzahnheilkunde-1-768x544.webp 768w, https:\/\/www.dr-foecking-und-kollegen.de\/wp-content\/uploads\/2025\/12\/kinderzahnheilkunde-1-260x185.webp 260w, https:\/\/www.dr-foecking-und-kollegen.de\/wp-content\/uploads\/2025\/12\/kinderzahnheilkunde-1-705x499.webp 705w\" sizes=\"(max-width: 1000px) 100vw, 1000px\" \/><\/div><\/div><\/div><\/div><\/div><!--close column table wrapper. Autoclose: 1 --><\/div><\/div><\/div><!-- close content main div --><\/div><\/div>\n<style type=\"text\/css\" data-created_by=\"avia_inline_auto\" id=\"style-css-av-3hhou-04cc922007a761a53278604a113b30d6\">\n.avia-section.av-3hhou-04cc922007a761a53278604a113b30d6{\nbackground-color:#6a100b;\nbackground-image:unset;\n}\n<\/style>\n<div id='av_section_4'  class='avia-section av-3hhou-04cc922007a761a53278604a113b30d6 main_color avia-section-default avia-no-border-styling  avia-builder-el-18  el_after_av_section  avia-builder-el-last  avia-bg-style-scroll container_wrap sidebar_right'  ><div class='container av-section-cont-open' ><div class='template-page content  av-content-small alpha units'><div class='post-entry post-entry-type-page post-entry-1267'><div class='entry-content-wrapper clearfix'>\n\n<style type=\"text\/css\" data-created_by=\"avia_inline_auto\" id=\"style-css-av-rqrym-1424ccc6c77cbe38fffb5c6c823b0e82\">\n.flex_column.av-rqrym-1424ccc6c77cbe38fffb5c6c823b0e82{\npadding:px px px px;\n}\n<\/style>\n<div  class='flex_column av-rqrym-1424ccc6c77cbe38fffb5c6c823b0e82 av_one_full  avia-builder-el-19  avia-builder-el-no-sibling  first flex_column_div  '     ><section  class='av_textblock_section av-jv0om-6ed18402eb36aa3e633d0968fa2ce6c1 '   itemscope=\"itemscope\" itemtype=\"https:\/\/schema.org\/CreativeWork\" ><div class='avia_textblock'  itemprop=\"text\" ><h3 style=\"text-align: center;\"><span style=\"color: #ffffff;\">Wilt u een afspraak maken bij onze tandartspraktijk?<\/span><br \/>\n<span style=\"color: #ffffff;\">Neem dan contact met ons op!<\/span><\/h3>\n<\/div><\/section><br \/>\n\n<style type=\"text\/css\" data-created_by=\"avia_inline_auto\" id=\"style-css-av-duywm-0cda731c79bad693d3a0d6c8fd7388fb\">\n#top .hr.hr-invisible.av-duywm-0cda731c79bad693d3a0d6c8fd7388fb{\nheight:10px;\n}\n<\/style>\n<div  class='hr av-duywm-0cda731c79bad693d3a0d6c8fd7388fb hr-invisible  avia-builder-el-21  el_after_av_textblock  el_before_av_button '><span class='hr-inner '><span class=\"hr-inner-style\"><\/span><\/span><\/div><br \/>\n<div  class='avia-button-wrap av-axk5i-ddf5858e630807e11726b57ecb127924-wrap avia-button-center  avia-builder-el-22  el_after_av_hr  avia-builder-el-last '>\n<style type=\"text\/css\" data-created_by=\"avia_inline_auto\" id=\"style-css-av-axk5i-ddf5858e630807e11726b57ecb127924\">\n#top #wrap_all .avia-button.av-axk5i-ddf5858e630807e11726b57ecb127924{\ncolor:#6a100b;\nborder-style:none;\ntransition:all 0.4s ease-in-out;\n}\n#top #wrap_all .avia-button.av-axk5i-ddf5858e630807e11726b57ecb127924:hover{\ncolor:white;\ntransition:all 0.4s ease-in-out;\n}\n#top #wrap_all .avia-button.av-axk5i-ddf5858e630807e11726b57ecb127924 .avia-svg-icon svg:first-child{\nfill:#6a100b;\nstroke:#6a100b;\n}\n#top #wrap_all .avia-button.av-axk5i-ddf5858e630807e11726b57ecb127924:hover .avia-svg-icon svg:first-child{\nfill:white;\nstroke:white;\n}\n<\/style>\n<a href='https:\/\/www.dr-foecking-und-kollegen.de\/nl\/onzichtbare-tandcorrectie\/'  class='avia-button av-axk5i-ddf5858e630807e11726b57ecb127924 av-link-btn avia-icon_select-no avia-size-medium avia-position-center avia-color-white'   aria-label=\"Afspraak maken\"><span class='avia_iconbox_title' >Afspraak maken<\/span><span class='avia_button_background avia-button avia-color-theme-color-highlight' ><\/span><\/a><\/div><\/p><\/div><\/div><\/div><\/div><!-- close content main div --><\/div><\/div><div id='after_section_4'  class='main_color av_default_container_wrap container_wrap sidebar_right'  ><div class='container av-section-cont-open' ><div class='template-page content  av-content-small alpha units'><div class='post-entry post-entry-type-page post-entry-1267'><div class='entry-content-wrapper clearfix'><\/p>\n","protected":false},"excerpt":{"rendered":"","protected":false},"author":12,"featured_media":0,"parent":0,"menu_order":0,"comment_status":"closed","ping_status":"closed","template":"","meta":{"footnotes":""},"class_list":["post-1267","page","type-page","status-publish","hentry"],"yoast_head":"<!-- This site is optimized with the Yoast SEO plugin v27.3 - https:\/\/yoast.com\/product\/yoast-seo-wordpress\/ -->\n<title>Filosofie - Dr F\u00f6cking und Kollegen<\/title>\n<meta name=\"robots\" content=\"index, follow, max-snippet:-1, max-image-preview:large, max-video-preview:-1\" \/>\n<link rel=\"canonical\" href=\"https:\/\/www.dr-foecking-und-kollegen.de\/nl\/filosofie\/\" \/>\n<meta property=\"og:locale\" content=\"nl_NL\" \/>\n<meta property=\"og:type\" content=\"article\" \/>\n<meta property=\"og:title\" content=\"Filosofie - Dr F\u00f6cking und Kollegen\" \/>\n<meta property=\"og:url\" content=\"https:\/\/www.dr-foecking-und-kollegen.de\/nl\/filosofie\/\" \/>\n<meta property=\"og:site_name\" content=\"Dr F\u00f6cking und Kollegen\" \/>\n<meta property=\"article:modified_time\" content=\"2026-02-16T13:05:07+00:00\" \/>\n<meta name=\"twitter:card\" content=\"summary_large_image\" \/>\n<meta name=\"twitter:label1\" content=\"Geschatte leestijd\" \/>\n\t<meta name=\"twitter:data1\" content=\"37 minuten\" \/>\n<script type=\"application\/ld+json\" class=\"yoast-schema-graph\">{\"@context\":\"https:\\\/\\\/schema.org\",\"@graph\":[{\"@type\":\"WebPage\",\"@id\":\"https:\\\/\\\/www.dr-foecking-und-kollegen.de\\\/nl\\\/filosofie\\\/\",\"url\":\"https:\\\/\\\/www.dr-foecking-und-kollegen.de\\\/nl\\\/filosofie\\\/\",\"name\":\"Filosofie - Dr F\u00f6cking und Kollegen\",\"isPartOf\":{\"@id\":\"https:\\\/\\\/www.dr-foecking-und-kollegen.de\\\/#website\"},\"datePublished\":\"2026-02-09T09:21:53+00:00\",\"dateModified\":\"2026-02-16T13:05:07+00:00\",\"breadcrumb\":{\"@id\":\"https:\\\/\\\/www.dr-foecking-und-kollegen.de\\\/nl\\\/filosofie\\\/#breadcrumb\"},\"inLanguage\":\"nl-NL\",\"potentialAction\":[{\"@type\":\"ReadAction\",\"target\":[\"https:\\\/\\\/www.dr-foecking-und-kollegen.de\\\/nl\\\/filosofie\\\/\"]}]},{\"@type\":\"BreadcrumbList\",\"@id\":\"https:\\\/\\\/www.dr-foecking-und-kollegen.de\\\/nl\\\/filosofie\\\/#breadcrumb\",\"itemListElement\":[{\"@type\":\"ListItem\",\"position\":1,\"name\":\"Startseite\",\"item\":\"https:\\\/\\\/www.dr-foecking-und-kollegen.de\\\/nl\\\/\"},{\"@type\":\"ListItem\",\"position\":2,\"name\":\"Filosofie\"}]},{\"@type\":\"WebSite\",\"@id\":\"https:\\\/\\\/www.dr-foecking-und-kollegen.de\\\/#website\",\"url\":\"https:\\\/\\\/www.dr-foecking-und-kollegen.de\\\/\",\"name\":\"Dr F\u00f6cking und Kollegen\",\"description\":\"Zentrum f\u00fcr \u00c4sthetische-rekonstruktive Zahnmedizin und Zahntechnik\",\"potentialAction\":[{\"@type\":\"SearchAction\",\"target\":{\"@type\":\"EntryPoint\",\"urlTemplate\":\"https:\\\/\\\/www.dr-foecking-und-kollegen.de\\\/?s={search_term_string}\"},\"query-input\":{\"@type\":\"PropertyValueSpecification\",\"valueRequired\":true,\"valueName\":\"search_term_string\"}}],\"inLanguage\":\"nl-NL\"}]}<\/script>\n<!-- \/ Yoast SEO plugin. -->","yoast_head_json":{"title":"Filosofie - Dr F\u00f6cking und Kollegen","robots":{"index":"index","follow":"follow","max-snippet":"max-snippet:-1","max-image-preview":"max-image-preview:large","max-video-preview":"max-video-preview:-1"},"canonical":"https:\/\/www.dr-foecking-und-kollegen.de\/nl\/filosofie\/","og_locale":"nl_NL","og_type":"article","og_title":"Filosofie - Dr F\u00f6cking und Kollegen","og_url":"https:\/\/www.dr-foecking-und-kollegen.de\/nl\/filosofie\/","og_site_name":"Dr F\u00f6cking und Kollegen","article_modified_time":"2026-02-16T13:05:07+00:00","twitter_card":"summary_large_image","twitter_misc":{"Geschatte leestijd":"37 minuten"},"schema":{"@context":"https:\/\/schema.org","@graph":[{"@type":"WebPage","@id":"https:\/\/www.dr-foecking-und-kollegen.de\/nl\/filosofie\/","url":"https:\/\/www.dr-foecking-und-kollegen.de\/nl\/filosofie\/","name":"Filosofie - Dr F\u00f6cking und Kollegen","isPartOf":{"@id":"https:\/\/www.dr-foecking-und-kollegen.de\/#website"},"datePublished":"2026-02-09T09:21:53+00:00","dateModified":"2026-02-16T13:05:07+00:00","breadcrumb":{"@id":"https:\/\/www.dr-foecking-und-kollegen.de\/nl\/filosofie\/#breadcrumb"},"inLanguage":"nl-NL","potentialAction":[{"@type":"ReadAction","target":["https:\/\/www.dr-foecking-und-kollegen.de\/nl\/filosofie\/"]}]},{"@type":"BreadcrumbList","@id":"https:\/\/www.dr-foecking-und-kollegen.de\/nl\/filosofie\/#breadcrumb","itemListElement":[{"@type":"ListItem","position":1,"name":"Startseite","item":"https:\/\/www.dr-foecking-und-kollegen.de\/nl\/"},{"@type":"ListItem","position":2,"name":"Filosofie"}]},{"@type":"WebSite","@id":"https:\/\/www.dr-foecking-und-kollegen.de\/#website","url":"https:\/\/www.dr-foecking-und-kollegen.de\/","name":"Dr F\u00f6cking und Kollegen","description":"Zentrum f\u00fcr \u00c4sthetische-rekonstruktive Zahnmedizin und Zahntechnik","potentialAction":[{"@type":"SearchAction","target":{"@type":"EntryPoint","urlTemplate":"https:\/\/www.dr-foecking-und-kollegen.de\/?s={search_term_string}"},"query-input":{"@type":"PropertyValueSpecification","valueRequired":true,"valueName":"search_term_string"}}],"inLanguage":"nl-NL"}]}},"_links":{"self":[{"href":"https:\/\/www.dr-foecking-und-kollegen.de\/nl\/wp-json\/wp\/v2\/pages\/1267","targetHints":{"allow":["GET"]}}],"collection":[{"href":"https:\/\/www.dr-foecking-und-kollegen.de\/nl\/wp-json\/wp\/v2\/pages"}],"about":[{"href":"https:\/\/www.dr-foecking-und-kollegen.de\/nl\/wp-json\/wp\/v2\/types\/page"}],"author":[{"embeddable":true,"href":"https:\/\/www.dr-foecking-und-kollegen.de\/nl\/wp-json\/wp\/v2\/users\/12"}],"replies":[{"embeddable":true,"href":"https:\/\/www.dr-foecking-und-kollegen.de\/nl\/wp-json\/wp\/v2\/comments?post=1267"}],"version-history":[{"count":3,"href":"https:\/\/www.dr-foecking-und-kollegen.de\/nl\/wp-json\/wp\/v2\/pages\/1267\/revisions"}],"predecessor-version":[{"id":1339,"href":"https:\/\/www.dr-foecking-und-kollegen.de\/nl\/wp-json\/wp\/v2\/pages\/1267\/revisions\/1339"}],"wp:attachment":[{"href":"https:\/\/www.dr-foecking-und-kollegen.de\/nl\/wp-json\/wp\/v2\/media?parent=1267"}],"curies":[{"name":"wp","href":"https:\/\/api.w.org\/{rel}","templated":true}]}}