{"id":1282,"date":"2026-02-09T10:40:08","date_gmt":"2026-02-09T09:40:08","guid":{"rendered":"http:\/\/dr-foecking-und-kollegen.de.w021017f.kasserver.com\/?page_id=1282"},"modified":"2026-02-16T14:01:59","modified_gmt":"2026-02-16T13:01:59","slug":"samen-helpen","status":"publish","type":"page","link":"https:\/\/www.dr-foecking-und-kollegen.de\/nl\/samen-helpen\/","title":{"rendered":"Samen helpen"},"content":{"rendered":"<div id='av_section_1'  class='avia-section av-1h2dv2-2d44b898a98518dd15ce89ee28f62bb3 main_color avia-section-default avia-no-border-styling  avia-builder-el-0  el_before_av_section  avia-builder-el-first  avia-bg-style-scroll container_wrap sidebar_right'  ><div class='container av-section-cont-open' ><main  role=\"main\" itemprop=\"mainContentOfPage\"  class='template-page content  av-content-small alpha units'><div class='post-entry post-entry-type-page post-entry-1282'><div class='entry-content-wrapper clearfix'>\n<div class='flex_column_table av-17kvvq-95cfb63b2c98a1106fa87b43f7bb36b1 sc-av_one_half av-equal-height-column-flextable'><div  class='flex_column av-17kvvq-95cfb63b2c98a1106fa87b43f7bb36b1 av_one_half  avia-builder-el-1  el_before_av_one_half  avia-builder-el-first  first flex_column_table_cell av-equal-height-column av-align-middle  '     ><section  class='av_textblock_section av-mjr1npnn-e9915fecf5c0a58b5fc6a0baa223c023 '   itemscope=\"itemscope\" itemtype=\"https:\/\/schema.org\/CreativeWork\" ><div class='avia_textblock'  itemprop=\"text\" ><h4><span style=\"color: #6a100b;\">Samen helpen<\/span><\/h4>\n<h2>Wij ondersteunen sociale projecten<\/h2>\n<\/div><\/section><br \/>\n<section  class='av_textblock_section av-3wtdy-ec7721e1096b20932312693ba3caee21 '   itemscope=\"itemscope\" itemtype=\"https:\/\/schema.org\/CreativeWork\" ><div class='avia_textblock'  itemprop=\"text\" ><p><strong>Help mee! Elke cent is waardevol:<\/strong> samen met onze pati\u00ebnten en praktijkpartners ondersteunen we lokale en internationale hulpprojecten.<\/p>\n<p>Mensen, vaak kleine kinderen, lijden op onze eigenlijk zo prachtige planeet onder vreselijke levensomstandigheden of tegenslagen. Met uw en onze donatie kunnen we het leed verzachten en hoop geven. U kunt een geldbedrag doneren (elk bedrag is welkom!) of tandgoud uit oude, niet meer gebruikte kunstgebitten. Na het verwijderen van uw tandgoud kunt u eenvoudig beslissen of u het materiaal mee naar huis wilt nemen of wilt doneren.<\/p>\n<\/div><\/section><\/p><\/div><div class='av-flex-placeholder'><\/div><div  class='flex_column av-kkws6-7ada7b5ec1ee11f029bccce9fc774c45 av_one_half  avia-builder-el-4  el_after_av_one_half  el_before_av_one_third  flex_column_table_cell av-equal-height-column av-align-middle  '     ><style type=\"text\/css\" data-created_by=\"avia_inline_auto\" id=\"style-css-av-fteee-52aa941200def10d6358973c123762df\">\n.avia-image-container.av-fteee-52aa941200def10d6358973c123762df img.avia_image{\nbox-shadow:none;\n}\n.avia-image-container.av-fteee-52aa941200def10d6358973c123762df .av-image-caption-overlay-center{\ncolor:#ffffff;\n}\n<\/style>\n<div  class='avia-image-container av-fteee-52aa941200def10d6358973c123762df av-styling- avia-align-center  avia-builder-el-5  avia-builder-el-no-sibling '   itemprop=\"image\" itemscope=\"itemscope\" itemtype=\"https:\/\/schema.org\/ImageObject\" ><div class=\"avia-image-container-inner\"><div class=\"avia-image-overlay-wrap\"><img decoding=\"async\" fetchpriority=\"high\" class='wp-image-1117 avia-img-lazy-loading-not-1117 avia_image ' src=\"https:\/\/www.dr-foecking-und-kollegen.de\/wp-content\/uploads\/2025\/12\/gemeinsam-helfen-dr-foecking-2.webp\" alt='' title='gemeinsam-helfen-dr-foecking-2'  height=\"667\" width=\"1000\"  itemprop=\"thumbnailUrl\" srcset=\"https:\/\/www.dr-foecking-und-kollegen.de\/wp-content\/uploads\/2025\/12\/gemeinsam-helfen-dr-foecking-2.webp 1000w, https:\/\/www.dr-foecking-und-kollegen.de\/wp-content\/uploads\/2025\/12\/gemeinsam-helfen-dr-foecking-2-300x200.webp 300w, https:\/\/www.dr-foecking-und-kollegen.de\/wp-content\/uploads\/2025\/12\/gemeinsam-helfen-dr-foecking-2-768x512.webp 768w, https:\/\/www.dr-foecking-und-kollegen.de\/wp-content\/uploads\/2025\/12\/gemeinsam-helfen-dr-foecking-2-705x470.webp 705w\" sizes=\"(max-width: 1000px) 100vw, 1000px\" \/><\/div><\/div><\/div><\/div><\/div><!--close column table wrapper. Autoclose: 1 --><div  class='flex_column av-6fb53d-3155b8b4a75c8b6c8a1296d50bfa2d64 av_one_third  avia-builder-el-6  el_after_av_one_half  el_before_av_one_third  first flex_column_div  column-top-margin'     ><\/div><div  class='flex_column av-dgf4p-07baa890241e9e210cebf1cbd8f78f7a av_one_third  avia-builder-el-7  el_after_av_one_third  el_before_av_one_third  flex_column_div  column-top-margin'     ><section  class='av_textblock_section av-mjsg5gze-242d4489c0b89a94b739a491e7e3dcdc '   itemscope=\"itemscope\" itemtype=\"https:\/\/schema.org\/CreativeWork\" ><div class='avia_textblock'  itemprop=\"text\" ><p><strong>Overzicht van onze donatieprojecten:<\/strong><\/p>\n<ul>\n<li>Kimbondo e.V. Hulp voor kinderen en jongeren, Congo<\/li>\n<li>Kids for christ ministry, Kenia<\/li>\n<li>Evangelische kerk Bocholt-West, Rehobo, Namibi\u00eb<\/li>\n<li>Regionale hulp na tegenslagen<\/li>\n<li>Ein Herz f\u00fcr Kinder<\/li>\n<li>Aktion Deutschland Hilft<\/li>\n<\/ul>\n<p>Heeft u idee\u00ebn voor andere projecten die steun verdienen? Neem dan contact met ons op.<\/p>\n<\/div><\/section><\/div><div  class='flex_column av-23l03t-13872e2bad8d231370fdcaac41880113 av_one_third  avia-builder-el-9  el_after_av_one_third  avia-builder-el-last  flex_column_div  column-top-margin'     ><\/div><\/div><\/div><\/main><!-- close content main element --><\/div><\/div><div id='av_section_2'  class='avia-section av-mjr1p96q-20bfa58ad6f280303263e68de00742a1 alternate_color avia-section-default avia-no-border-styling  avia-builder-el-10  el_after_av_section  el_before_av_section  avia-bg-style-scroll container_wrap sidebar_right'  ><div class='container av-section-cont-open' ><div class='template-page content  av-content-small alpha units'><div class='post-entry post-entry-type-page post-entry-1282'><div class='entry-content-wrapper clearfix'>\n<div class='flex_column_table av-w04sm-342f17dc0f2d859e50a190ead3b0e6c2 sc-av_one_half av-equal-height-column-flextable'><div  class='flex_column av-w04sm-342f17dc0f2d859e50a190ead3b0e6c2 av_one_half  avia-builder-el-11  el_before_av_one_half  avia-builder-el-first  first flex_column_table_cell av-equal-height-column av-align-middle  '     ><style type=\"text\/css\" data-created_by=\"avia_inline_auto\" id=\"style-css-av-q5vcm-5431764e2d109e844785f6f40cd6a9e8\">\n.avia-image-container.av-q5vcm-5431764e2d109e844785f6f40cd6a9e8 img.avia_image{\nbox-shadow:none;\n}\n.avia-image-container.av-q5vcm-5431764e2d109e844785f6f40cd6a9e8 .av-image-caption-overlay-center{\ncolor:#ffffff;\n}\n<\/style>\n<div  class='avia-image-container av-q5vcm-5431764e2d109e844785f6f40cd6a9e8 av-styling- avia-align-center  avia-builder-el-12  avia-builder-el-no-sibling '   itemprop=\"image\" itemscope=\"itemscope\" itemtype=\"https:\/\/schema.org\/ImageObject\" ><div class=\"avia-image-container-inner\"><div class=\"avia-image-overlay-wrap\"><img decoding=\"async\" fetchpriority=\"high\" class='wp-image-1117 avia-img-lazy-loading-not-1117 avia_image ' src=\"https:\/\/www.dr-foecking-und-kollegen.de\/wp-content\/uploads\/2025\/12\/gemeinsam-helfen-dr-foecking-2.webp\" alt='' title='gemeinsam-helfen-dr-foecking-2'  height=\"667\" width=\"1000\"  itemprop=\"thumbnailUrl\" srcset=\"https:\/\/www.dr-foecking-und-kollegen.de\/wp-content\/uploads\/2025\/12\/gemeinsam-helfen-dr-foecking-2.webp 1000w, https:\/\/www.dr-foecking-und-kollegen.de\/wp-content\/uploads\/2025\/12\/gemeinsam-helfen-dr-foecking-2-300x200.webp 300w, https:\/\/www.dr-foecking-und-kollegen.de\/wp-content\/uploads\/2025\/12\/gemeinsam-helfen-dr-foecking-2-768x512.webp 768w, https:\/\/www.dr-foecking-und-kollegen.de\/wp-content\/uploads\/2025\/12\/gemeinsam-helfen-dr-foecking-2-705x470.webp 705w\" sizes=\"(max-width: 1000px) 100vw, 1000px\" \/><\/div><\/div><\/div><\/div><div class='av-flex-placeholder'><\/div><div  class='flex_column av-9azcu-47f552bfdf4d7a20dd5150684cf9739a av_one_half  avia-builder-el-13  el_after_av_one_half  avia-builder-el-last  flex_column_table_cell av-equal-height-column av-align-middle  '     ><section  class='av_textblock_section av-mjr1pucm-23a1b2687e202f66d47db1403b35758e '   itemscope=\"itemscope\" itemtype=\"https:\/\/schema.org\/CreativeWork\" ><div class='avia_textblock'  itemprop=\"text\" ><h2>Kimbondo e.V.: hulp voor kinderen en jongeren in Congo<\/h2>\n<\/div><\/section><br \/>\n<section  class='av_textblock_section av-6tk9ag-c7340041eb0b9c85e2b752396a3b7a30 '   itemscope=\"itemscope\" itemtype=\"https:\/\/schema.org\/CreativeWork\" ><div class='avia_textblock'  itemprop=\"text\" ><p>Met onze donaties steunen we onder andere de vereniging Kimbondo e.V. Hulp voor kinderen en jongeren in Congo. Kimbondo, een centrum voor straatkinderen en wezen met een grote kinderkliniek aan de rand van Kinshasa, biedt kinderen en jongeren, waaronder veel gehandicapten en ernstig gehandicapten, een nieuw thuis en perspectief voor de toekomst. Via onze contactpersoon Angelica Rems garanderen we dat elke cent ter plaatse terechtkomt.<\/p>\n<p>Dankzij uw en onze hulp is er de afgelopen jaren een aanzienlijk bedrag aan donaties ingezameld en aan de vereniging overhandigd. Wij danken u voor uw steun! Meer informatie over Kimbondo vindt u op www.kimbondo.de<\/p>\n<\/div><\/section><\/p><\/div><\/div><!--close column table wrapper. Autoclose: 1 --><\/div><\/div><\/div><!-- close content main div --><\/div><\/div><div id='av_section_3'  class='avia-section av-5yxi7s-0456347caad041337f20cbb77a8a0bb6 main_color avia-section-default avia-no-border-styling  avia-builder-el-16  el_after_av_section  el_before_av_section  avia-bg-style-scroll container_wrap sidebar_right'  ><div class='container av-section-cont-open' ><div class='template-page content  av-content-small alpha units'><div class='post-entry post-entry-type-page post-entry-1282'><div class='entry-content-wrapper clearfix'>\n<div class='flex_column_table av-3sjczs-2aeba025263a506680d69836ede554af sc-av_one_half av-equal-height-column-flextable'><div  class='flex_column av-3sjczs-2aeba025263a506680d69836ede554af av_one_half  avia-builder-el-17  el_before_av_one_half  avia-builder-el-first  first flex_column_table_cell av-equal-height-column av-align-middle  '     ><section  class='av_textblock_section av-mjsb6v8c-1c6320845feeb9d25520eb83a6572edc '   itemscope=\"itemscope\" itemtype=\"https:\/\/schema.org\/CreativeWork\" ><div class='avia_textblock'  itemprop=\"text\" ><h2>Kids for Christ Ministry: school- en beroepsopleiding voor kinderen en jongeren<\/h2>\n<\/div><\/section><br \/>\n<section  class='av_textblock_section av-mjsb755p-fbbd4322a073c41b24f7339ca866d862 '   itemscope=\"itemscope\" itemtype=\"https:\/\/schema.org\/CreativeWork\" ><div class='avia_textblock'  itemprop=\"text\" ><p>De christelijke vereniging Kids For Christ Ministry werd in 2007 opgericht door Nicole Visser uit Anholt om de levenskwaliteit van arme kinderen en jongeren in Kenia te verbeteren door middel van goed en gekwalificeerd onderwijs en beroepsopleidingen.<\/p>\n<p>Met behulp van kindsponsoring, geld- en goederen donaties krijgen alle sponsorkinderen een goede school- en beroepsopleiding en krijgen hulpbehoevende kinderen en HIV\/AIDS-wezen belangrijke kleding- en voedsel donaties. Met de donaties wordt ook de bouw van een basisschool mogelijk gemaakt.<\/p>\n<p>Sinds 2017 steunen wij de vereniging met onze donaties en zijn we blij dat we door het directe contact met missionaris Nicole Visser de ontwikkeling van het project kunnen volgen. Meer informatie over het hulpproject vindt u op <a href=\"https:\/\/cfcm-kenya.org\/\" target=\"_blank\" rel=\"noopener\">www.cfcm-kenya.org<\/a>.<\/p>\n<\/div><\/section><\/p><\/div><div class='av-flex-placeholder'><\/div><div  class='flex_column av-xo94-7a515482a1122e7902fed8a4d03cd6c2 av_one_half  avia-builder-el-20  el_after_av_one_half  avia-builder-el-last  flex_column_table_cell av-equal-height-column av-align-middle  '     ><style type=\"text\/css\" data-created_by=\"avia_inline_auto\" id=\"style-css-av-mjsb7dn0-a984fb2940012ce7ba71c250b5a06ec1\">\n.avia-image-container.av-mjsb7dn0-a984fb2940012ce7ba71c250b5a06ec1 img.avia_image{\nbox-shadow:none;\n}\n.avia-image-container.av-mjsb7dn0-a984fb2940012ce7ba71c250b5a06ec1 .av-image-caption-overlay-center{\ncolor:#ffffff;\n}\n<\/style>\n<div  class='avia-image-container av-mjsb7dn0-a984fb2940012ce7ba71c250b5a06ec1 av-styling- avia-align-center  avia-builder-el-21  avia-builder-el-no-sibling '   itemprop=\"image\" itemscope=\"itemscope\" itemtype=\"https:\/\/schema.org\/ImageObject\" ><div class=\"avia-image-container-inner\"><div class=\"avia-image-overlay-wrap\"><img decoding=\"async\" fetchpriority=\"high\" class='wp-image-1115 avia-img-lazy-loading-not-1115 avia_image ' src=\"https:\/\/www.dr-foecking-und-kollegen.de\/wp-content\/uploads\/2025\/12\/gemeinsam-helfen-dr-foecking.webp\" alt='' title='gemeinsam-helfen-dr-foecking'  height=\"667\" width=\"1000\"  itemprop=\"thumbnailUrl\" srcset=\"https:\/\/www.dr-foecking-und-kollegen.de\/wp-content\/uploads\/2025\/12\/gemeinsam-helfen-dr-foecking.webp 1000w, https:\/\/www.dr-foecking-und-kollegen.de\/wp-content\/uploads\/2025\/12\/gemeinsam-helfen-dr-foecking-300x200.webp 300w, https:\/\/www.dr-foecking-und-kollegen.de\/wp-content\/uploads\/2025\/12\/gemeinsam-helfen-dr-foecking-768x512.webp 768w, https:\/\/www.dr-foecking-und-kollegen.de\/wp-content\/uploads\/2025\/12\/gemeinsam-helfen-dr-foecking-705x470.webp 705w\" sizes=\"(max-width: 1000px) 100vw, 1000px\" \/><\/div><\/div><\/div><\/div><\/div><!--close column table wrapper. Autoclose: 1 --><\/div><\/div><\/div><!-- close content main div --><\/div><\/div>\n<style type=\"text\/css\" data-created_by=\"avia_inline_auto\" id=\"style-css-av-3hhou-04cc922007a761a53278604a113b30d6\">\n.avia-section.av-3hhou-04cc922007a761a53278604a113b30d6{\nbackground-color:#6a100b;\nbackground-image:unset;\n}\n<\/style>\n<div id='av_section_4'  class='avia-section av-3hhou-04cc922007a761a53278604a113b30d6 main_color avia-section-default avia-no-border-styling  avia-builder-el-22  el_after_av_section  avia-builder-el-last  avia-bg-style-scroll container_wrap sidebar_right'  ><div class='container av-section-cont-open' ><div class='template-page content  av-content-small alpha units'><div class='post-entry post-entry-type-page post-entry-1282'><div class='entry-content-wrapper clearfix'>\n\n<style type=\"text\/css\" data-created_by=\"avia_inline_auto\" id=\"style-css-av-rqrym-1424ccc6c77cbe38fffb5c6c823b0e82\">\n.flex_column.av-rqrym-1424ccc6c77cbe38fffb5c6c823b0e82{\npadding:px px px px;\n}\n<\/style>\n<div  class='flex_column av-rqrym-1424ccc6c77cbe38fffb5c6c823b0e82 av_one_full  avia-builder-el-23  avia-builder-el-no-sibling  first flex_column_div  '     ><section  class='av_textblock_section av-jv0om-6ed18402eb36aa3e633d0968fa2ce6c1 '   itemscope=\"itemscope\" itemtype=\"https:\/\/schema.org\/CreativeWork\" ><div class='avia_textblock'  itemprop=\"text\" ><h3 style=\"text-align: center;\"><span style=\"color: #ffffff;\">Wilt u een afspraak maken bij onze tandartspraktijk?<\/span><br \/>\n<span style=\"color: #ffffff;\">Neem dan contact met ons op!<\/span><\/h3>\n<\/div><\/section><br \/>\n\n<style type=\"text\/css\" data-created_by=\"avia_inline_auto\" id=\"style-css-av-duywm-0cda731c79bad693d3a0d6c8fd7388fb\">\n#top .hr.hr-invisible.av-duywm-0cda731c79bad693d3a0d6c8fd7388fb{\nheight:10px;\n}\n<\/style>\n<div  class='hr av-duywm-0cda731c79bad693d3a0d6c8fd7388fb hr-invisible  avia-builder-el-25  el_after_av_textblock  el_before_av_button '><span class='hr-inner '><span class=\"hr-inner-style\"><\/span><\/span><\/div><br \/>\n<div  class='avia-button-wrap av-axk5i-ddf5858e630807e11726b57ecb127924-wrap avia-button-center  avia-builder-el-26  el_after_av_hr  avia-builder-el-last '>\n<style type=\"text\/css\" data-created_by=\"avia_inline_auto\" id=\"style-css-av-axk5i-ddf5858e630807e11726b57ecb127924\">\n#top #wrap_all .avia-button.av-axk5i-ddf5858e630807e11726b57ecb127924{\ncolor:#6a100b;\nborder-style:none;\ntransition:all 0.4s ease-in-out;\n}\n#top #wrap_all .avia-button.av-axk5i-ddf5858e630807e11726b57ecb127924:hover{\ncolor:white;\ntransition:all 0.4s ease-in-out;\n}\n#top #wrap_all .avia-button.av-axk5i-ddf5858e630807e11726b57ecb127924 .avia-svg-icon svg:first-child{\nfill:#6a100b;\nstroke:#6a100b;\n}\n#top #wrap_all .avia-button.av-axk5i-ddf5858e630807e11726b57ecb127924:hover .avia-svg-icon svg:first-child{\nfill:white;\nstroke:white;\n}\n<\/style>\n<a href='https:\/\/www.dr-foecking-und-kollegen.de\/nl\/onzichtbare-tandcorrectie\/'  class='avia-button av-axk5i-ddf5858e630807e11726b57ecb127924 av-link-btn avia-icon_select-no avia-size-medium avia-position-center avia-color-white'   aria-label=\"Afspraak maken\"><span class='avia_iconbox_title' >Afspraak maken<\/span><span class='avia_button_background avia-button avia-color-theme-color-highlight' ><\/span><\/a><\/div><\/p><\/div><\/div><\/div><\/div><!-- close content main div --><\/div><\/div><div id='after_section_4'  class='main_color av_default_container_wrap container_wrap sidebar_right'  ><div class='container av-section-cont-open' ><div class='template-page content  av-content-small alpha units'><div class='post-entry post-entry-type-page post-entry-1282'><div class='entry-content-wrapper clearfix'><\/p>\n","protected":false},"excerpt":{"rendered":"","protected":false},"author":12,"featured_media":0,"parent":0,"menu_order":0,"comment_status":"closed","ping_status":"closed","template":"","meta":{"footnotes":""},"class_list":["post-1282","page","type-page","status-publish","hentry"],"yoast_head":"<!-- This site is optimized with the Yoast SEO plugin v27.3 - https:\/\/yoast.com\/product\/yoast-seo-wordpress\/ -->\n<title>Samen helpen - Dr F\u00f6cking und Kollegen<\/title>\n<meta name=\"robots\" content=\"index, follow, max-snippet:-1, max-image-preview:large, max-video-preview:-1\" \/>\n<link rel=\"canonical\" href=\"https:\/\/www.dr-foecking-und-kollegen.de\/nl\/samen-helpen\/\" \/>\n<meta property=\"og:locale\" content=\"nl_NL\" \/>\n<meta property=\"og:type\" content=\"article\" \/>\n<meta property=\"og:title\" content=\"Samen helpen - Dr F\u00f6cking und Kollegen\" \/>\n<meta property=\"og:url\" content=\"https:\/\/www.dr-foecking-und-kollegen.de\/nl\/samen-helpen\/\" \/>\n<meta property=\"og:site_name\" content=\"Dr F\u00f6cking und Kollegen\" \/>\n<meta property=\"article:modified_time\" content=\"2026-02-16T13:01:59+00:00\" \/>\n<meta name=\"twitter:card\" content=\"summary_large_image\" \/>\n<meta name=\"twitter:label1\" content=\"Geschatte leestijd\" \/>\n\t<meta name=\"twitter:data1\" content=\"45 minuten\" \/>\n<script type=\"application\/ld+json\" class=\"yoast-schema-graph\">{\"@context\":\"https:\\\/\\\/schema.org\",\"@graph\":[{\"@type\":\"WebPage\",\"@id\":\"https:\\\/\\\/www.dr-foecking-und-kollegen.de\\\/nl\\\/samen-helpen\\\/\",\"url\":\"https:\\\/\\\/www.dr-foecking-und-kollegen.de\\\/nl\\\/samen-helpen\\\/\",\"name\":\"Samen helpen - Dr F\u00f6cking und Kollegen\",\"isPartOf\":{\"@id\":\"https:\\\/\\\/www.dr-foecking-und-kollegen.de\\\/#website\"},\"datePublished\":\"2026-02-09T09:40:08+00:00\",\"dateModified\":\"2026-02-16T13:01:59+00:00\",\"breadcrumb\":{\"@id\":\"https:\\\/\\\/www.dr-foecking-und-kollegen.de\\\/nl\\\/samen-helpen\\\/#breadcrumb\"},\"inLanguage\":\"nl-NL\",\"potentialAction\":[{\"@type\":\"ReadAction\",\"target\":[\"https:\\\/\\\/www.dr-foecking-und-kollegen.de\\\/nl\\\/samen-helpen\\\/\"]}]},{\"@type\":\"BreadcrumbList\",\"@id\":\"https:\\\/\\\/www.dr-foecking-und-kollegen.de\\\/nl\\\/samen-helpen\\\/#breadcrumb\",\"itemListElement\":[{\"@type\":\"ListItem\",\"position\":1,\"name\":\"Startseite\",\"item\":\"https:\\\/\\\/www.dr-foecking-und-kollegen.de\\\/nl\\\/\"},{\"@type\":\"ListItem\",\"position\":2,\"name\":\"Samen helpen\"}]},{\"@type\":\"WebSite\",\"@id\":\"https:\\\/\\\/www.dr-foecking-und-kollegen.de\\\/#website\",\"url\":\"https:\\\/\\\/www.dr-foecking-und-kollegen.de\\\/\",\"name\":\"Dr F\u00f6cking und Kollegen\",\"description\":\"Zentrum f\u00fcr \u00c4sthetische-rekonstruktive Zahnmedizin und Zahntechnik\",\"potentialAction\":[{\"@type\":\"SearchAction\",\"target\":{\"@type\":\"EntryPoint\",\"urlTemplate\":\"https:\\\/\\\/www.dr-foecking-und-kollegen.de\\\/?s={search_term_string}\"},\"query-input\":{\"@type\":\"PropertyValueSpecification\",\"valueRequired\":true,\"valueName\":\"search_term_string\"}}],\"inLanguage\":\"nl-NL\"}]}<\/script>\n<!-- \/ Yoast SEO plugin. -->","yoast_head_json":{"title":"Samen helpen - Dr F\u00f6cking und Kollegen","robots":{"index":"index","follow":"follow","max-snippet":"max-snippet:-1","max-image-preview":"max-image-preview:large","max-video-preview":"max-video-preview:-1"},"canonical":"https:\/\/www.dr-foecking-und-kollegen.de\/nl\/samen-helpen\/","og_locale":"nl_NL","og_type":"article","og_title":"Samen helpen - Dr F\u00f6cking und Kollegen","og_url":"https:\/\/www.dr-foecking-und-kollegen.de\/nl\/samen-helpen\/","og_site_name":"Dr F\u00f6cking und Kollegen","article_modified_time":"2026-02-16T13:01:59+00:00","twitter_card":"summary_large_image","twitter_misc":{"Geschatte leestijd":"45 minuten"},"schema":{"@context":"https:\/\/schema.org","@graph":[{"@type":"WebPage","@id":"https:\/\/www.dr-foecking-und-kollegen.de\/nl\/samen-helpen\/","url":"https:\/\/www.dr-foecking-und-kollegen.de\/nl\/samen-helpen\/","name":"Samen helpen - Dr F\u00f6cking und Kollegen","isPartOf":{"@id":"https:\/\/www.dr-foecking-und-kollegen.de\/#website"},"datePublished":"2026-02-09T09:40:08+00:00","dateModified":"2026-02-16T13:01:59+00:00","breadcrumb":{"@id":"https:\/\/www.dr-foecking-und-kollegen.de\/nl\/samen-helpen\/#breadcrumb"},"inLanguage":"nl-NL","potentialAction":[{"@type":"ReadAction","target":["https:\/\/www.dr-foecking-und-kollegen.de\/nl\/samen-helpen\/"]}]},{"@type":"BreadcrumbList","@id":"https:\/\/www.dr-foecking-und-kollegen.de\/nl\/samen-helpen\/#breadcrumb","itemListElement":[{"@type":"ListItem","position":1,"name":"Startseite","item":"https:\/\/www.dr-foecking-und-kollegen.de\/nl\/"},{"@type":"ListItem","position":2,"name":"Samen helpen"}]},{"@type":"WebSite","@id":"https:\/\/www.dr-foecking-und-kollegen.de\/#website","url":"https:\/\/www.dr-foecking-und-kollegen.de\/","name":"Dr F\u00f6cking und Kollegen","description":"Zentrum f\u00fcr \u00c4sthetische-rekonstruktive Zahnmedizin und Zahntechnik","potentialAction":[{"@type":"SearchAction","target":{"@type":"EntryPoint","urlTemplate":"https:\/\/www.dr-foecking-und-kollegen.de\/?s={search_term_string}"},"query-input":{"@type":"PropertyValueSpecification","valueRequired":true,"valueName":"search_term_string"}}],"inLanguage":"nl-NL"}]}},"_links":{"self":[{"href":"https:\/\/www.dr-foecking-und-kollegen.de\/nl\/wp-json\/wp\/v2\/pages\/1282","targetHints":{"allow":["GET"]}}],"collection":[{"href":"https:\/\/www.dr-foecking-und-kollegen.de\/nl\/wp-json\/wp\/v2\/pages"}],"about":[{"href":"https:\/\/www.dr-foecking-und-kollegen.de\/nl\/wp-json\/wp\/v2\/types\/page"}],"author":[{"embeddable":true,"href":"https:\/\/www.dr-foecking-und-kollegen.de\/nl\/wp-json\/wp\/v2\/users\/12"}],"replies":[{"embeddable":true,"href":"https:\/\/www.dr-foecking-und-kollegen.de\/nl\/wp-json\/wp\/v2\/comments?post=1282"}],"version-history":[{"count":3,"href":"https:\/\/www.dr-foecking-und-kollegen.de\/nl\/wp-json\/wp\/v2\/pages\/1282\/revisions"}],"predecessor-version":[{"id":1333,"href":"https:\/\/www.dr-foecking-und-kollegen.de\/nl\/wp-json\/wp\/v2\/pages\/1282\/revisions\/1333"}],"wp:attachment":[{"href":"https:\/\/www.dr-foecking-und-kollegen.de\/nl\/wp-json\/wp\/v2\/media?parent=1282"}],"curies":[{"name":"wp","href":"https:\/\/api.w.org\/{rel}","templated":true}]}}