{"id":1287,"date":"2026-02-09T10:49:04","date_gmt":"2026-02-09T09:49:04","guid":{"rendered":"http:\/\/dr-foecking-und-kollegen.de.w021017f.kasserver.com\/?page_id=1287"},"modified":"2026-03-02T14:23:14","modified_gmt":"2026-03-02T13:23:14","slug":"contact","status":"publish","type":"page","link":"https:\/\/www.dr-foecking-und-kollegen.de\/nl\/contact\/","title":{"rendered":"Contact"},"content":{"rendered":"<div id='av_section_1'  class='avia-section av-zkwj-359957956be39de8f42d705a68f19124 main_color avia-section-default avia-no-border-styling  avia-builder-el-0  avia-builder-el-no-sibling  avia-bg-style-scroll container_wrap sidebar_right'  ><div class='container av-section-cont-open' ><main  role=\"main\" itemprop=\"mainContentOfPage\"  class='template-page content  av-content-small alpha units'><div class='post-entry post-entry-type-page post-entry-1287'><div class='entry-content-wrapper clearfix'>\n<div class='flex_column_table av-k6db69a8-5444aff12b9ce0a890df0cd9ae77c920 sc-av_one_full av-equal-height-column-flextable'>\n<style type=\"text\/css\" data-created_by=\"avia_inline_auto\" id=\"style-css-av-k6db69a8-5444aff12b9ce0a890df0cd9ae77c920\">\n.flex_column.av-k6db69a8-5444aff12b9ce0a890df0cd9ae77c920{\nborder-radius:0px 0px 0px 0px;\npadding:0px 0px 0px 0px;\n}\n<\/style>\n<div  class='flex_column av-k6db69a8-5444aff12b9ce0a890df0cd9ae77c920 av_one_full  avia-builder-el-1  el_before_av_one_half  avia-builder-el-first  first flex_column_table_cell av-equal-height-column av-align-top av-zero-column-padding  '     ><section  class='av_textblock_section av-gc2v-80181685979f601e835a43a7015a745d '   itemscope=\"itemscope\" itemtype=\"https:\/\/schema.org\/CreativeWork\" ><div class='avia_textblock'  itemprop=\"text\" ><h2><span style=\"color: #6a100b;\">Contactmogelijkheden<\/span><\/h2>\n<\/div><\/section><\/div><\/div><!--close column table wrapper. Autoclose: 1 --><div class='flex_column_table av-52xdn-1aace22102b93796e066a7e6225e8ed2 sc-av_one_half av-equal-height-column-flextable'>\n<style type=\"text\/css\" data-created_by=\"avia_inline_auto\" id=\"style-css-av-52xdn-1aace22102b93796e066a7e6225e8ed2\">\n.flex_column.av-52xdn-1aace22102b93796e066a7e6225e8ed2{\nborder-radius:0px 0px 0px 0px;\npadding:0px 0px 0px 0px;\n}\n<\/style>\n<div  class='flex_column av-52xdn-1aace22102b93796e066a7e6225e8ed2 av_one_half  avia-builder-el-3  el_after_av_one_full  el_before_av_one_half  first flex_column_table_cell av-equal-height-column av-align-top av-zero-column-padding  column-top-margin'     ><p>\n<style type=\"text\/css\" data-created_by=\"avia_inline_auto\" id=\"style-css-av-3tdbz-e5f54eb722e6de308806ff29c73c0daa\">\n#top .av_textblock_section.av-3tdbz-e5f54eb722e6de308806ff29c73c0daa .avia_textblock{\nfont-size:10px;\n}\n<\/style>\n<section  class='av_textblock_section av-3tdbz-e5f54eb722e6de308806ff29c73c0daa '   itemscope=\"itemscope\" itemtype=\"https:\/\/schema.org\/CreativeWork\" ><div class='avia_textblock'  itemprop=\"text\" ><p>N\u00e4here Informationen zum Schutz Ihrer personenbezogenen Daten finden Sie in unserer\u00a0<a href=\"http:\/\/neu.wordpress-design.info\/datenschutzerklaerung\/\" rel=\"noopener\">Datenschutzerkl\u00e4rung.<\/a><br \/>\n*Pflichtfelder: Bitte f\u00fcllen Sie diese Eingabefelder vollst\u00e4ndig und korrekt aus. So k\u00f6nnen wir Ihre Eingaben schnellstm\u00f6glich bearbeiten.<\/p>\n<\/div><\/section><br \/>\n<form action=\"https:\/\/www.dr-foecking-und-kollegen.de\/nl\/contact\/\" method=\"post\" data-fields-with-error=\"Fouten gevonden in de volgende velden:\" class=\"avia_ajax_form av-form-labels-visible   avia-builder-el-5  el_after_av_textblock  avia-builder-el-last   \" data-avia-form-id=\"1\" data-avia-redirect='' ><fieldset><p class='  first_form  form_element form_element_third' id='element_avia_1_1'><label for=\"avia_1_1\">Aanspreektitel <abbr class=\"required\" title=\"vereist\">*<\/abbr><\/label><select  name=\"avia_1_1\" class=\"select is_empty\" id=\"avia_1_1\"><option   value='mevrouw'>Kies alstublieft<\/option><option   value='mijnheer'>mijnheer<\/option><\/select><\/p><p class='  form_element form_element_third' id='element_avia_2_1'><label for=\"avia_2_1\">Voornaam <abbr class=\"required\" title=\"vereist\">*<\/abbr><\/label> <input name=\"avia_2_1\" class=\"text_input is_empty\" type=\"text\" id=\"avia_2_1\" value=\"\" \/><\/p><p class='  form_element form_element_third' id='element_avia_3_1'><label for=\"avia_3_1\">achternaam <abbr class=\"required\" title=\"vereist\">*<\/abbr><\/label> <input name=\"avia_3_1\" class=\"text_input is_empty\" type=\"text\" id=\"avia_3_1\" value=\"\" \/><\/p><p class='  first_form  form_element form_element_half' id='element_avia_4_1'><label for=\"avia_4_1\">telefoonnummer <abbr class=\"required\" title=\"vereist\">*<\/abbr><\/label> <input name=\"avia_4_1\" class=\"text_input is_phone\" type=\"text\" id=\"avia_4_1\" value=\"\" \/><\/p><p class='  form_element form_element_half' id='element_avia_5_1'><label for=\"avia_5_1\">e-mail <abbr class=\"required\" title=\"vereist\">*<\/abbr><\/label> <input name=\"avia_5_1\" class=\"text_input is_email\" type=\"text\" id=\"avia_5_1\" value=\"\" \/><\/p><p class='  first_form  form_element form_element_half' id='element_avia_6_1'><label for=\"avia_6_1\">Wanneer kunnen we u het beste bereiken? <abbr class=\"required\" title=\"vereist\">*<\/abbr><\/label><select  name=\"avia_6_1\" class=\"select is_empty\" id=\"avia_6_1\"><option   value='\u2018s ochtends'>kies a.u.b.<\/option><option   value='\u2019s middags'>\u2018s middags<\/option><option   value='\u2018s ochtends en \u2019s middags'>\u2018s ochtends en \u2019s middags<\/option><\/select><\/p><p class='  form_element form_element_half' id='element_avia_7_1'><label for=\"avia_7_1\">Geef uw gewenste datum op. <abbr class=\"required\" title=\"vereist\">*<\/abbr><\/label> <input name=\"avia_7_1\" class=\"avia_datepicker text_input is_empty\" type=\"text\" id=\"avia_7_1\" value=\"\" placeholder=\"DD \/ MM \/ YY\" inputmode=\"none\" \/><\/p><p class='  first_form  form_element form_element_half' id='element_avia_8_1'><label for=\"avia_8_1\">Bent u al pati\u00ebnt bij ons? <abbr class=\"required\" title=\"vereist\">*<\/abbr><\/label><select  name=\"avia_8_1\" class=\"select is_empty\" id=\"avia_8_1\"><option   value='Ja'>Kies alstublieft<\/option><option   value='Nee'>Nee<\/option><\/select><\/p><p class='  form_element form_element_half' id='element_avia_9_1'><label for=\"avia_9_1\">Hoe bent u verzekerd? <abbr class=\"required\" title=\"vereist\">*<\/abbr><\/label><select  name=\"avia_9_1\" class=\"select is_empty\" id=\"avia_9_1\"><option   value='Wettelijk verzekerd'>Maak uw keuze<\/option><option   value='Particulier verzekerd'>Particulier verzekerd<\/option><option   value='Aanvullende tandartsverzekering'>Aanvullende tandartsverzekering<\/option><\/select><\/p><p class='  first_form  form_element form_fullwidth' id='element_avia_10_1'><label for=\"avia_10_1\">Voor welke dienst wilt u een afspraak maken? <abbr class=\"required\" title=\"vereist\">*<\/abbr><\/label><select  name=\"avia_10_1\" class=\"select is_empty\" id=\"avia_10_1\"><option   value='Controle &amp; advies'>Kies a.u.b.<\/option><option   value='Tandreiniging'>Tandreiniging<\/option><option   value='Pijnbehandeling'>Pijnbehandeling<\/option><option   value='\u2018Onzichtbare\u2019 tandcorrectie'>\u2018Onzichtbare\u2019 tandcorrectie<\/option><option   value='Profylaxe'>Profylaxe<\/option><option   value='Wortelkanaalbehandeling'>Wortelkanaalbehandeling<\/option><option   value='Kindertandheelkunde'>Kindertandheelkunde<\/option><option   value='Overige diensten'>Overige diensten<\/option><\/select><\/p><p class='  first_form  form_element form_fullwidth' id='element_avia_11_1'><label for=\"avia_11_1\" class=\"textare_label hidden textare_label_avia_11_1\">Wilt u nog iets toevoegen?<\/label><textarea  name=\"avia_11_1\" class=\"text_area \" cols=\"40\" rows=\"7\" id=\"avia_11_1\" ><\/textarea><\/p><p class='  first_form  form_element form_fullwidth' id='element_avia_12_1'><input  name=\"avia_12_1\" class=\"input_checkbox is_empty\" type=\"checkbox\" id=\"avia_12_1\" value=\"true\"\/><label class=\"input_checkbox_label\" for=\"avia_12_1\">Ik heb het privacybeleid gelezen. <abbr class=\"required\" title=\"vereist\">*<\/abbr><\/label><\/p><p class=\"hidden\"><input type=\"text\" name=\"avia_13_1\" class=\"hidden \" id=\"avia_13_1\" value=\"\" \/><\/p><p class='   form_element form_fullwidth' id='element_avia_14_1'><span class='value_verifier_label'>2 + 0 = ?<\/span><input name=\"avia_14_1_verifier\" type=\"hidden\" id=\"avia_14_1_verifier\" value=\"774584246\"\/><label for=\"avia_14_1\">Bewijs a.u.b. dat u een mens bent door de volgende vergelijking op te lossen. <abbr class=\"required\" title=\"vereist\">*<\/abbr><\/label><input name=\"avia_14_1\" class=\"text_input captcha\" type=\"text\" id=\"avia_14_1\" value=\"\"\/><\/p><p class=\"form_element \"><input type=\"hidden\" value=\"1\" name=\"avia_generated_form1\" \/><input type=\"submit\" value=\"Verzenden\" class=\"button\"  data-sending-label=\"Verzenden\"\/><\/p><\/fieldset><\/form><div id=\"ajaxresponse_1\" class=\"ajaxresponse ajaxresponse_1 hidden\"><\/div><\/p><\/div><div class='av-flex-placeholder'><\/div>\n<style type=\"text\/css\" data-created_by=\"avia_inline_auto\" id=\"style-css-av-111oj-a5f0e460c35ecf44ecad8c4a74a7c7c7\">\n.flex_column.av-111oj-a5f0e460c35ecf44ecad8c4a74a7c7c7{\nborder-radius:0px 0px 0px 0px;\npadding:0px 0px 0px 0px;\n}\n<\/style>\n<div  class='flex_column av-111oj-a5f0e460c35ecf44ecad8c4a74a7c7c7 av_one_half  avia-builder-el-6  el_after_av_one_half  avia-builder-el-last  flex_column_table_cell av-equal-height-column av-align-top av-zero-column-padding  column-top-margin'     ><p><section  class='av_textblock_section av-mjqys5gk-c6dd3a844044e6f481f60b1ace73feb8 '   itemscope=\"itemscope\" itemtype=\"https:\/\/schema.org\/CreativeWork\" ><div class='avia_textblock'  itemprop=\"text\" ><p>Wilt u een afspraak maken, heeft u vragen of een speciaal verzoek? Bel ons of stuur ons een e-mail. Wij helpen u graag verder en kijken ernaar uit u in onze praktijk te mogen verwelkomen.<\/p>\n<p><strong>Dr. Christof F\u00f6cking en collega&#8217;s<\/strong><br \/>\nNiederstra\u00dfe 47, 46419 Isselburg-Anholt<br \/>\nTel. 02874 \/ 905 90 79<br \/>\nFax 02874 \/ 905 87 56<br \/>\n<a href=\"mailto:info@dr-foecking-und-kollegen.de\">info@dr-foecking-und-kollegen.de<\/a><\/p>\n<h4><span style=\"color: #6a100b;\">Routebeschrijving:<\/span><\/h4>\n<p>Onze praktijk is centraal gelegen en goed bereikbaar in de Niederstra\u00dfe 47 in Anholt. Met het openbaar vervoer kunt u ons vanuit Bocholt en Rees bereiken met buslijn 61. De dichtstbijzijnde halte \u201cSchlo\u00df Anholt\u201d ligt aan de Klever Stra\u00dfe op ongeveer 150 meter afstand.<\/p>\n<h4><span style=\"color: #6a100b;\">Parkeerplaatsen:<\/span><\/h4>\n<p>U vindt gratis parkeerplaatsen direct naast en achter onze praktijk en op 150 meter afstand aan de Klever Stra\u00dfe.<\/p>\n<\/div><\/section><br \/>\n<section  class='av_textblock_section av-mjqyya7c-a7443d0e33e646a91cdecafd4b057f82 '   itemscope=\"itemscope\" itemtype=\"https:\/\/schema.org\/CreativeWork\" ><div class='avia_textblock'  itemprop=\"text\" ><div class=\"brlbs-cmpnt-container brlbs-cmpnt-content-blocker brlbs-cmpnt-with-individual-styles\" data-borlabs-cookie-content-blocker-id=\"google-maps\" data-borlabs-cookie-content=\"PGlmcmFtZSBzdHlsZT0iYm9yZGVyOiAwOyIgc3JjPSJodHRwczovL3d3dy5nb29nbGUuY29tL21hcHMvZW1iZWQ\/cGI9ITFtMTghMW0xMiExbTMhMWQyOTIzLjcyMjc1OTM3MzY1MTYhMmQ2LjQyMjI4NTA3Njg5NTEzNSEzZDUxLjg0NjYyMzI4NTg2NTI0ITJtMyExZjAhMmYwITNmMCEzbTIhMWkxMDI0ITJpNzY4ITRmMTMuMSEzbTMhMW0yITFzMHg0N2M3ODAyOWZjN2MyMzFiJTNBMHhkNmIxM2U4YzIwNmQ3MjIhMnNEci4lMjBDaHJpc3RvZiUyMEZvJUNDJTg4Y2tpbmclMjB1bmQlMjBLb2xsZWdlbiE1ZTEhM20yITFzZGUhMnNkZSE0djE3NjcwMDEyOTM0NDghNW0yITFzZGUhMnNkZSIgd2lkdGg9IjYwMCIgaGVpZ2h0PSI0NTAiIGFsbG93ZnVsbHNjcmVlbj0iYWxsb3dmdWxsc2NyZWVuIj48L2lmcmFtZT4=\">\n<div class=\"brlbs-cmpnt-cb-preset-b brlbs-cmpnt-cb-google-maps\">\n<div class=\"brlbs-cmpnt-cb-thumbnail\" style=\"background-image: url('https:\/\/www.dr-foecking-und-kollegen.de\/wp-content\/uploads\/borlabs-cookie\/1\/brlbs-cb-google-maps-main.png')\"><\/div>\n<div class=\"brlbs-cmpnt-cb-main\">\n<div class=\"brlbs-cmpnt-cb-content\">\n<p class=\"brlbs-cmpnt-cb-description\">U bekijkt momenteel inhoud van een plaatshouder van <strong>Google Maps<\/strong>. Klik op de knop hieronder om de volledige inhoud te bekijken. Houd er rekening mee dat u op deze manier gegevens deelt met providers van derden.<\/p>\n<p> <a class=\"brlbs-cmpnt-cb-provider-toggle\" href=\"#\" data-borlabs-cookie-show-provider-information role=\"button\">Meer informatie<\/a> <\/div>\n<div class=\"brlbs-cmpnt-cb-buttons\"> <a class=\"brlbs-cmpnt-cb-btn\" href=\"#\" data-borlabs-cookie-unblock role=\"button\">Inhoud deblokkeren<\/a> <a class=\"brlbs-cmpnt-cb-btn\" href=\"#\" data-borlabs-cookie-accept-service role=\"button\" style=\"display: inherit\">Vereiste service accepteren en inhouden deblokkeren<\/a> <\/div>\n<\/p>\n<\/div>\n<\/div>\n<\/div>\n<\/div><\/section><\/p><\/div><\/div><!--close column table wrapper. Autoclose: 1 --><\/div><\/div><\/main><!-- close content main element --><\/div><\/div><div id='after_section_1'  class='main_color av_default_container_wrap container_wrap sidebar_right'  ><div class='container av-section-cont-open' ><div class='template-page content  av-content-small alpha units'><div class='post-entry post-entry-type-page post-entry-1287'><div class='entry-content-wrapper clearfix'>\n","protected":false},"excerpt":{"rendered":"","protected":false},"author":12,"featured_media":0,"parent":0,"menu_order":0,"comment_status":"closed","ping_status":"closed","template":"","meta":{"footnotes":""},"class_list":["post-1287","page","type-page","status-publish","hentry"],"yoast_head":"<!-- This site is optimized with the Yoast SEO plugin v27.3 - https:\/\/yoast.com\/product\/yoast-seo-wordpress\/ -->\n<title>Contact - Dr F\u00f6cking und Kollegen<\/title>\n<meta name=\"robots\" content=\"index, follow, max-snippet:-1, max-image-preview:large, max-video-preview:-1\" \/>\n<link rel=\"canonical\" href=\"https:\/\/www.dr-foecking-und-kollegen.de\/nl\/contact\/\" \/>\n<meta property=\"og:locale\" content=\"nl_NL\" \/>\n<meta property=\"og:type\" content=\"article\" \/>\n<meta property=\"og:title\" content=\"Contact - Dr F\u00f6cking und Kollegen\" \/>\n<meta property=\"og:url\" content=\"https:\/\/www.dr-foecking-und-kollegen.de\/nl\/contact\/\" \/>\n<meta property=\"og:site_name\" content=\"Dr F\u00f6cking und Kollegen\" \/>\n<meta property=\"article:modified_time\" content=\"2026-03-02T13:23:14+00:00\" \/>\n<meta name=\"twitter:card\" content=\"summary_large_image\" \/>\n<meta name=\"twitter:label1\" content=\"Geschatte leestijd\" \/>\n\t<meta name=\"twitter:data1\" content=\"10 minuten\" \/>\n<script type=\"application\/ld+json\" class=\"yoast-schema-graph\">{\"@context\":\"https:\\\/\\\/schema.org\",\"@graph\":[{\"@type\":\"WebPage\",\"@id\":\"https:\\\/\\\/www.dr-foecking-und-kollegen.de\\\/nl\\\/contact\\\/\",\"url\":\"https:\\\/\\\/www.dr-foecking-und-kollegen.de\\\/nl\\\/contact\\\/\",\"name\":\"Contact - Dr F\u00f6cking und Kollegen\",\"isPartOf\":{\"@id\":\"https:\\\/\\\/www.dr-foecking-und-kollegen.de\\\/#website\"},\"datePublished\":\"2026-02-09T09:49:04+00:00\",\"dateModified\":\"2026-03-02T13:23:14+00:00\",\"breadcrumb\":{\"@id\":\"https:\\\/\\\/www.dr-foecking-und-kollegen.de\\\/nl\\\/contact\\\/#breadcrumb\"},\"inLanguage\":\"nl-NL\",\"potentialAction\":[{\"@type\":\"ReadAction\",\"target\":[\"https:\\\/\\\/www.dr-foecking-und-kollegen.de\\\/nl\\\/contact\\\/\"]}]},{\"@type\":\"BreadcrumbList\",\"@id\":\"https:\\\/\\\/www.dr-foecking-und-kollegen.de\\\/nl\\\/contact\\\/#breadcrumb\",\"itemListElement\":[{\"@type\":\"ListItem\",\"position\":1,\"name\":\"Startseite\",\"item\":\"https:\\\/\\\/www.dr-foecking-und-kollegen.de\\\/nl\\\/\"},{\"@type\":\"ListItem\",\"position\":2,\"name\":\"Contact\"}]},{\"@type\":\"WebSite\",\"@id\":\"https:\\\/\\\/www.dr-foecking-und-kollegen.de\\\/#website\",\"url\":\"https:\\\/\\\/www.dr-foecking-und-kollegen.de\\\/\",\"name\":\"Dr F\u00f6cking und Kollegen\",\"description\":\"Zentrum f\u00fcr \u00c4sthetische-rekonstruktive Zahnmedizin und Zahntechnik\",\"potentialAction\":[{\"@type\":\"SearchAction\",\"target\":{\"@type\":\"EntryPoint\",\"urlTemplate\":\"https:\\\/\\\/www.dr-foecking-und-kollegen.de\\\/?s={search_term_string}\"},\"query-input\":{\"@type\":\"PropertyValueSpecification\",\"valueRequired\":true,\"valueName\":\"search_term_string\"}}],\"inLanguage\":\"nl-NL\"}]}<\/script>\n<!-- \/ Yoast SEO plugin. -->","yoast_head_json":{"title":"Contact - Dr F\u00f6cking und Kollegen","robots":{"index":"index","follow":"follow","max-snippet":"max-snippet:-1","max-image-preview":"max-image-preview:large","max-video-preview":"max-video-preview:-1"},"canonical":"https:\/\/www.dr-foecking-und-kollegen.de\/nl\/contact\/","og_locale":"nl_NL","og_type":"article","og_title":"Contact - Dr F\u00f6cking und Kollegen","og_url":"https:\/\/www.dr-foecking-und-kollegen.de\/nl\/contact\/","og_site_name":"Dr F\u00f6cking und Kollegen","article_modified_time":"2026-03-02T13:23:14+00:00","twitter_card":"summary_large_image","twitter_misc":{"Geschatte leestijd":"10 minuten"},"schema":{"@context":"https:\/\/schema.org","@graph":[{"@type":"WebPage","@id":"https:\/\/www.dr-foecking-und-kollegen.de\/nl\/contact\/","url":"https:\/\/www.dr-foecking-und-kollegen.de\/nl\/contact\/","name":"Contact - Dr F\u00f6cking und Kollegen","isPartOf":{"@id":"https:\/\/www.dr-foecking-und-kollegen.de\/#website"},"datePublished":"2026-02-09T09:49:04+00:00","dateModified":"2026-03-02T13:23:14+00:00","breadcrumb":{"@id":"https:\/\/www.dr-foecking-und-kollegen.de\/nl\/contact\/#breadcrumb"},"inLanguage":"nl-NL","potentialAction":[{"@type":"ReadAction","target":["https:\/\/www.dr-foecking-und-kollegen.de\/nl\/contact\/"]}]},{"@type":"BreadcrumbList","@id":"https:\/\/www.dr-foecking-und-kollegen.de\/nl\/contact\/#breadcrumb","itemListElement":[{"@type":"ListItem","position":1,"name":"Startseite","item":"https:\/\/www.dr-foecking-und-kollegen.de\/nl\/"},{"@type":"ListItem","position":2,"name":"Contact"}]},{"@type":"WebSite","@id":"https:\/\/www.dr-foecking-und-kollegen.de\/#website","url":"https:\/\/www.dr-foecking-und-kollegen.de\/","name":"Dr F\u00f6cking und Kollegen","description":"Zentrum f\u00fcr \u00c4sthetische-rekonstruktive Zahnmedizin und Zahntechnik","potentialAction":[{"@type":"SearchAction","target":{"@type":"EntryPoint","urlTemplate":"https:\/\/www.dr-foecking-und-kollegen.de\/?s={search_term_string}"},"query-input":{"@type":"PropertyValueSpecification","valueRequired":true,"valueName":"search_term_string"}}],"inLanguage":"nl-NL"}]}},"_links":{"self":[{"href":"https:\/\/www.dr-foecking-und-kollegen.de\/nl\/wp-json\/wp\/v2\/pages\/1287","targetHints":{"allow":["GET"]}}],"collection":[{"href":"https:\/\/www.dr-foecking-und-kollegen.de\/nl\/wp-json\/wp\/v2\/pages"}],"about":[{"href":"https:\/\/www.dr-foecking-und-kollegen.de\/nl\/wp-json\/wp\/v2\/types\/page"}],"author":[{"embeddable":true,"href":"https:\/\/www.dr-foecking-und-kollegen.de\/nl\/wp-json\/wp\/v2\/users\/12"}],"replies":[{"embeddable":true,"href":"https:\/\/www.dr-foecking-und-kollegen.de\/nl\/wp-json\/wp\/v2\/comments?post=1287"}],"version-history":[{"count":5,"href":"https:\/\/www.dr-foecking-und-kollegen.de\/nl\/wp-json\/wp\/v2\/pages\/1287\/revisions"}],"predecessor-version":[{"id":1376,"href":"https:\/\/www.dr-foecking-und-kollegen.de\/nl\/wp-json\/wp\/v2\/pages\/1287\/revisions\/1376"}],"wp:attachment":[{"href":"https:\/\/www.dr-foecking-und-kollegen.de\/nl\/wp-json\/wp\/v2\/media?parent=1287"}],"curies":[{"name":"wp","href":"https:\/\/api.w.org\/{rel}","templated":true}]}}