{"id":1360,"date":"2026-02-16T15:21:13","date_gmt":"2026-02-16T14:21:13","guid":{"rendered":"https:\/\/www.dr-foecking-und-kollegen.de\/?page_id=1360"},"modified":"2026-02-16T15:21:13","modified_gmt":"2026-02-16T14:21:13","slug":"colofon","status":"publish","type":"page","link":"https:\/\/www.dr-foecking-und-kollegen.de\/nl\/colofon\/","title":{"rendered":"Colofon"},"content":{"rendered":"<div id='av_section_1'  class='avia-section av-1bo2j-d975e7e13701e38645af578435d92ff2 main_color avia-section-default avia-no-border-styling  avia-builder-el-0  avia-builder-el-no-sibling  avia-bg-style-scroll container_wrap sidebar_right'  ><div class='container av-section-cont-open' ><main  role=\"main\" itemprop=\"mainContentOfPage\"  class='template-page content  av-content-small alpha units'><div class='post-entry post-entry-type-page post-entry-1360'><div class='entry-content-wrapper clearfix'>\n<div class='flex_column_table av-k6db4xfe-0b6e0fa44e1140476c587c3f608dcfbd sc-av_one_full av-equal-height-column-flextable'>\n<style type=\"text\/css\" data-created_by=\"avia_inline_auto\" id=\"style-css-av-k6db4xfe-0b6e0fa44e1140476c587c3f608dcfbd\">\n.flex_column.av-k6db4xfe-0b6e0fa44e1140476c587c3f608dcfbd{\nborder-radius:0px 0px 0px 0px;\npadding:0px 0px 0px 0px;\n}\n<\/style>\n<div  class='flex_column av-k6db4xfe-0b6e0fa44e1140476c587c3f608dcfbd av_one_full  avia-builder-el-1  el_before_av_one_full  avia-builder-el-first  first flex_column_table_cell av-equal-height-column av-align-top av-zero-column-padding  '     ><section  class='av_textblock_section av-1ligv-4f5cbd1be813e0e596f515a2fa7eb322 '   itemscope=\"itemscope\" itemtype=\"https:\/\/schema.org\/CreativeWork\" ><div class='avia_textblock'  itemprop=\"text\" ><h1>Colofon<\/h1>\n<\/div><\/section><\/div><\/div><!--close column table wrapper. Autoclose: 1 --><div class='flex_column_table av-156tb-d16c072a02ecab8c0a1143f60a164434 sc-av_one_full av-equal-height-column-flextable'>\n<style type=\"text\/css\" data-created_by=\"avia_inline_auto\" id=\"style-css-av-156tb-d16c072a02ecab8c0a1143f60a164434\">\n.flex_column.av-156tb-d16c072a02ecab8c0a1143f60a164434{\nborder-radius:0px 0px 0px 0px;\npadding:0px 0px 0px 0px;\n}\n<\/style>\n<div  class='flex_column av-156tb-d16c072a02ecab8c0a1143f60a164434 av_one_full  avia-builder-el-3  el_after_av_one_full  avia-builder-el-last  first flex_column_table_cell av-equal-height-column av-align-top av-zero-column-padding  column-top-margin'     ><section  class='av_textblock_section av-mlp9ek4i-a3c12def6226d96d163110189fc1e55b '   itemscope=\"itemscope\" itemtype=\"https:\/\/schema.org\/CreativeWork\" ><div class='avia_textblock'  itemprop=\"text\" ><p><strong>Details volgens \u00a7 5 DDG:<\/strong><\/p>\n<p>Dr. med. dent. Christof F\u00f6cking<br \/>\nNiederstra\u00dfe 47<br \/>\n46419 Isselburg-Anholt<\/p>\n<p><strong>Contact:<\/strong><\/p>\n<p><strong>T<\/strong>. 02874 \/ 905 90 79<br \/>\n<strong>E. <\/strong>info@dr-foecking-und-kollegen.de<\/p>\n<p class=\"imp_bold\"><strong>Bevoegde toezichthoudende autoriteit<\/strong><br \/>\nZahn\u00e4rztekammer Westfalen-Lippe<br \/>\nKassen\u00e4rztliche Vereinigung Westfalen-Lippe<br \/>\nAuf der Horst 29<br \/>\n48147 M\u00fcnster<br \/>\n<a href=\"mailto:zaekwl@t-online.de\">zaekwl@t-online.de<\/a><\/p>\n<p style=\"text-align: justify;\"><!--StartFragment --><\/p>\n<p><strong><span class=\"cf0\">Verantwoordelijk voor de inhoud volgens \u00a7 18 lid 2 MStV<br \/>\n<\/span><\/strong>Dr. med. dent. Christof F\u00f6cking<br \/>\nNiederstra\u00dfe 47<br \/>\n46419 Isselburg-Anholt<\/p>\n<p><strong>Geschillenbeslechting<\/strong><br \/>\nDe Europese Commissie biedt een platform voor online geschillenbeslechting (OS):\u00a0<a href=\"https:\/\/www.corthogreen.com\/colofon\/%E2%80%9Chttps:\/\/ec.europa.eu\/consumers\/odr%E2%80%9D\" target=\"\u201c_blank\u201d\" rel=\"\u201cnoopener\">https:\/\/ec.europa.eu\/consumers\/odr<\/a>.<br \/>\nU vindt ons e-mailadres in de bovenstaande wettelijke kennisgeving.<\/p>\n<p>We zijn niet bereid of verplicht om deel te nemen aan geschillenbeslechtingsprocedures voor een arbitragecommissie voor consumenten.<\/p>\n<p><strong>Verantwoordelijkheid voor inhoud<\/strong><br \/>\nAls dienstverlener zijn we verantwoordelijk voor onze eigen inhoud op deze pagina\u2019s in overeenstemming met \u00a7 7 (1) DDG. Volgens \u00a7\u00a7 8 tot 10 DDG zijn we als dienstverlener echter niet verplicht om doorgegeven of opgeslagen informatie van derden te controleren of omstandigheden te onderzoeken die duiden op illegale activiteiten.<\/p>\n<p>Verplichtingen tot verwijdering of blokkering van het gebruik van informatie volgens de algemene wetgeving blijven hierdoor onaangetast. Aansprakelijkheid in dit opzicht is echter alleen mogelijk vanaf het moment dat er kennis wordt genomen van een specifieke inbreuk. Zodra we kennis nemen van dergelijke inbreuken, zullen we deze inhoud onmiddellijk verwijderen.<\/p>\n<p><strong>Verantwoordelijkheid voor links<\/strong><br \/>\nOnze website bevat links naar externe websites van derden op de inhoud waarvan wij geen invloed hebben. Daarom kunnen wij geen aansprakelijkheid aanvaarden voor deze inhoud van derden. Voor de inhoud van de gelinkte pagina\u2019s is altijd de desbetreffende aanbieder of exploitant van de pagina\u2019s verantwoordelijk. De gekoppelde pagina\u2019s werden op het moment van koppelen gecontroleerd op mogelijke wetsovertredingen. Illegale inhoud was op het moment van linken niet herkenbaar.<\/p>\n<p>Een permanente controle van de inhoud van de gelinkte pagina\u2019s is echter niet redelijk zonder concrete aanwijzingen voor een overtreding. Als we ons bewust worden van wettelijke overtredingen, zullen we dergelijke links onmiddellijk verwijderen.<\/p>\n<p><strong>auteursrecht<\/strong><br \/>\nDe door de sitebeheerders op deze pagina\u2019s gecre\u00eberde inhoud en werken vallen onder het Duitse auteursrecht. Reproductie, bewerking, verspreiding en elke vorm van gebruik buiten de grenzen van het auteursrecht vereisen de schriftelijke toestemming van de respectieve auteur of maker. Downloads en kopie\u00ebn van deze site zijn alleen toegestaan voor priv\u00e9-, niet-commercieel gebruik.<\/p>\n<p>Voor zover de inhoud op deze site niet door de exploitant is gemaakt, worden de auteursrechten van derden gerespecteerd. Inhoud van derden wordt als zodanig aangeduid. Mocht u desondanks een inbreuk op het auteursrecht constateren, dan verzoeken wij u ons hiervan op de hoogte te stellen. Als wij kennis nemen van inbreuken, zullen wij dergelijke inhoud onmiddellijk verwijderen.<\/p>\n<\/div><\/section><\/div><\/div><!--close column table wrapper. Autoclose: 1 --><\/div><\/div><\/main><!-- close content main element --><\/div><\/div><div id='after_section_1'  class='main_color av_default_container_wrap container_wrap sidebar_right'  ><div class='container av-section-cont-open' ><div class='template-page content  av-content-small alpha units'><div class='post-entry post-entry-type-page post-entry-1360'><div class='entry-content-wrapper clearfix'>\n","protected":false},"excerpt":{"rendered":"","protected":false},"author":12,"featured_media":0,"parent":0,"menu_order":0,"comment_status":"closed","ping_status":"closed","template":"","meta":{"footnotes":""},"class_list":["post-1360","page","type-page","status-publish","hentry"],"yoast_head":"<!-- This site is optimized with the Yoast SEO plugin v27.3 - https:\/\/yoast.com\/product\/yoast-seo-wordpress\/ -->\n<title>Colofon - Dr F\u00f6cking und Kollegen<\/title>\n<meta name=\"robots\" content=\"index, follow, max-snippet:-1, max-image-preview:large, max-video-preview:-1\" \/>\n<link rel=\"canonical\" href=\"https:\/\/www.dr-foecking-und-kollegen.de\/nl\/colofon\/\" \/>\n<meta property=\"og:locale\" content=\"nl_NL\" \/>\n<meta property=\"og:type\" content=\"article\" \/>\n<meta property=\"og:title\" content=\"Colofon - Dr F\u00f6cking und Kollegen\" \/>\n<meta property=\"og:url\" content=\"https:\/\/www.dr-foecking-und-kollegen.de\/nl\/colofon\/\" \/>\n<meta property=\"og:site_name\" content=\"Dr F\u00f6cking und Kollegen\" \/>\n<meta name=\"twitter:card\" content=\"summary_large_image\" \/>\n<meta name=\"twitter:label1\" content=\"Geschatte leestijd\" \/>\n\t<meta name=\"twitter:data1\" content=\"6 minuten\" \/>\n<script type=\"application\/ld+json\" class=\"yoast-schema-graph\">{\"@context\":\"https:\\\/\\\/schema.org\",\"@graph\":[{\"@type\":\"WebPage\",\"@id\":\"https:\\\/\\\/www.dr-foecking-und-kollegen.de\\\/nl\\\/colofon\\\/\",\"url\":\"https:\\\/\\\/www.dr-foecking-und-kollegen.de\\\/nl\\\/colofon\\\/\",\"name\":\"Colofon - Dr F\u00f6cking und Kollegen\",\"isPartOf\":{\"@id\":\"https:\\\/\\\/www.dr-foecking-und-kollegen.de\\\/#website\"},\"datePublished\":\"2026-02-16T14:21:13+00:00\",\"breadcrumb\":{\"@id\":\"https:\\\/\\\/www.dr-foecking-und-kollegen.de\\\/nl\\\/colofon\\\/#breadcrumb\"},\"inLanguage\":\"nl-NL\",\"potentialAction\":[{\"@type\":\"ReadAction\",\"target\":[\"https:\\\/\\\/www.dr-foecking-und-kollegen.de\\\/nl\\\/colofon\\\/\"]}]},{\"@type\":\"BreadcrumbList\",\"@id\":\"https:\\\/\\\/www.dr-foecking-und-kollegen.de\\\/nl\\\/colofon\\\/#breadcrumb\",\"itemListElement\":[{\"@type\":\"ListItem\",\"position\":1,\"name\":\"Startseite\",\"item\":\"https:\\\/\\\/www.dr-foecking-und-kollegen.de\\\/nl\\\/\"},{\"@type\":\"ListItem\",\"position\":2,\"name\":\"Colofon\"}]},{\"@type\":\"WebSite\",\"@id\":\"https:\\\/\\\/www.dr-foecking-und-kollegen.de\\\/#website\",\"url\":\"https:\\\/\\\/www.dr-foecking-und-kollegen.de\\\/\",\"name\":\"Dr F\u00f6cking und Kollegen\",\"description\":\"Zentrum f\u00fcr \u00c4sthetische-rekonstruktive Zahnmedizin und Zahntechnik\",\"potentialAction\":[{\"@type\":\"SearchAction\",\"target\":{\"@type\":\"EntryPoint\",\"urlTemplate\":\"https:\\\/\\\/www.dr-foecking-und-kollegen.de\\\/?s={search_term_string}\"},\"query-input\":{\"@type\":\"PropertyValueSpecification\",\"valueRequired\":true,\"valueName\":\"search_term_string\"}}],\"inLanguage\":\"nl-NL\"}]}<\/script>\n<!-- \/ Yoast SEO plugin. -->","yoast_head_json":{"title":"Colofon - Dr F\u00f6cking und Kollegen","robots":{"index":"index","follow":"follow","max-snippet":"max-snippet:-1","max-image-preview":"max-image-preview:large","max-video-preview":"max-video-preview:-1"},"canonical":"https:\/\/www.dr-foecking-und-kollegen.de\/nl\/colofon\/","og_locale":"nl_NL","og_type":"article","og_title":"Colofon - Dr F\u00f6cking und Kollegen","og_url":"https:\/\/www.dr-foecking-und-kollegen.de\/nl\/colofon\/","og_site_name":"Dr F\u00f6cking und Kollegen","twitter_card":"summary_large_image","twitter_misc":{"Geschatte leestijd":"6 minuten"},"schema":{"@context":"https:\/\/schema.org","@graph":[{"@type":"WebPage","@id":"https:\/\/www.dr-foecking-und-kollegen.de\/nl\/colofon\/","url":"https:\/\/www.dr-foecking-und-kollegen.de\/nl\/colofon\/","name":"Colofon - Dr F\u00f6cking und Kollegen","isPartOf":{"@id":"https:\/\/www.dr-foecking-und-kollegen.de\/#website"},"datePublished":"2026-02-16T14:21:13+00:00","breadcrumb":{"@id":"https:\/\/www.dr-foecking-und-kollegen.de\/nl\/colofon\/#breadcrumb"},"inLanguage":"nl-NL","potentialAction":[{"@type":"ReadAction","target":["https:\/\/www.dr-foecking-und-kollegen.de\/nl\/colofon\/"]}]},{"@type":"BreadcrumbList","@id":"https:\/\/www.dr-foecking-und-kollegen.de\/nl\/colofon\/#breadcrumb","itemListElement":[{"@type":"ListItem","position":1,"name":"Startseite","item":"https:\/\/www.dr-foecking-und-kollegen.de\/nl\/"},{"@type":"ListItem","position":2,"name":"Colofon"}]},{"@type":"WebSite","@id":"https:\/\/www.dr-foecking-und-kollegen.de\/#website","url":"https:\/\/www.dr-foecking-und-kollegen.de\/","name":"Dr F\u00f6cking und Kollegen","description":"Zentrum f\u00fcr \u00c4sthetische-rekonstruktive Zahnmedizin und Zahntechnik","potentialAction":[{"@type":"SearchAction","target":{"@type":"EntryPoint","urlTemplate":"https:\/\/www.dr-foecking-und-kollegen.de\/?s={search_term_string}"},"query-input":{"@type":"PropertyValueSpecification","valueRequired":true,"valueName":"search_term_string"}}],"inLanguage":"nl-NL"}]}},"_links":{"self":[{"href":"https:\/\/www.dr-foecking-und-kollegen.de\/nl\/wp-json\/wp\/v2\/pages\/1360","targetHints":{"allow":["GET"]}}],"collection":[{"href":"https:\/\/www.dr-foecking-und-kollegen.de\/nl\/wp-json\/wp\/v2\/pages"}],"about":[{"href":"https:\/\/www.dr-foecking-und-kollegen.de\/nl\/wp-json\/wp\/v2\/types\/page"}],"author":[{"embeddable":true,"href":"https:\/\/www.dr-foecking-und-kollegen.de\/nl\/wp-json\/wp\/v2\/users\/12"}],"replies":[{"embeddable":true,"href":"https:\/\/www.dr-foecking-und-kollegen.de\/nl\/wp-json\/wp\/v2\/comments?post=1360"}],"version-history":[{"count":1,"href":"https:\/\/www.dr-foecking-und-kollegen.de\/nl\/wp-json\/wp\/v2\/pages\/1360\/revisions"}],"predecessor-version":[{"id":1361,"href":"https:\/\/www.dr-foecking-und-kollegen.de\/nl\/wp-json\/wp\/v2\/pages\/1360\/revisions\/1361"}],"wp:attachment":[{"href":"https:\/\/www.dr-foecking-und-kollegen.de\/nl\/wp-json\/wp\/v2\/media?parent=1360"}],"curies":[{"name":"wp","href":"https:\/\/api.w.org\/{rel}","templated":true}]}}